{"id":571,"date":"2020-02-07T11:27:20","date_gmt":"2020-02-07T11:27:20","guid":{"rendered":"https:\/\/www.clickforschools.eu\/?page_id=571"},"modified":"2020-02-18T13:47:54","modified_gmt":"2020-02-18T13:47:54","slug":"home_cr","status":"publish","type":"page","link":"https:\/\/www.clickforschools.eu\/index.php\/home_cr\/","title":{"rendered":"Click for Schools"},"content":{"rendered":"\n<p>Pomozite svojim u\u010denicima da uz nekoliko klikova bolje razumiju u\u010dinke klimatskih promjena u svom neposrednom okru\u017eenju! Uklju\u010dite ih u u\u010denje kroz projekte i nastavne aktivnosti povezane s klimatskim promjenama!<\/p>\n\n\n\n<figure class=\"wp-block-image size-large is-resized\"><img loading=\"lazy\" decoding=\"async\" src=\"https:\/\/www.clickforschools.eu\/wp-content\/uploads\/2020\/02\/bianco.png\" alt=\"\" class=\"wp-image-624\" width=\"49\" height=\"49\" srcset=\"https:\/\/www.clickforschools.eu\/wp-content\/uploads\/2020\/02\/bianco.png 236w, https:\/\/www.clickforschools.eu\/wp-content\/uploads\/2020\/02\/bianco-150x150.png 150w\" sizes=\"auto, (max-width: 49px) 100vw, 49px\" \/><\/figure>\n\n\n\n<figure class=\"wp-block-gallery aligncenter columns-3 is-cropped\"><ul class=\"blocks-gallery-grid\"><li class=\"blocks-gallery-item\"><figure><a href=\"https:\/\/www.clickforschools.eu\/index.php\/biodiversity\/\" target=\"_blank\" rel=\"noopener noreferrer\"><img loading=\"lazy\" decoding=\"async\" width=\"1024\" height=\"580\" src=\"https:\/\/www.clickforschools.eu\/wp-content\/uploads\/2020\/03\/biodiversit-1024x580.png\" alt=\"\" data-id=\"957\" data-full-url=\"https:\/\/www.clickforschools.eu\/wp-content\/uploads\/2020\/03\/biodiversit.png\" data-link=\"https:\/\/www.clickforschools.eu\/index.php\/home\/biodiversit\/\" class=\"wp-image-957\" srcset=\"https:\/\/www.clickforschools.eu\/wp-content\/uploads\/2020\/03\/biodiversit-1024x580.png 1024w, https:\/\/www.clickforschools.eu\/wp-content\/uploads\/2020\/03\/biodiversit-300x170.png 300w, https:\/\/www.clickforschools.eu\/wp-content\/uploads\/2020\/03\/biodiversit-768x435.png 768w, https:\/\/www.clickforschools.eu\/wp-content\/uploads\/2020\/03\/biodiversit.png 1200w\" sizes=\"auto, (max-width: 1024px) 100vw, 1024px\" \/><\/a><\/figure><\/li><li class=\"blocks-gallery-item\"><figure><a href=\"https:\/\/www.clickforschools.eu\/index.php\/climate-change\/\" target=\"_blank\" rel=\"noopener noreferrer\"><img loading=\"lazy\" decoding=\"async\" width=\"1024\" height=\"580\" src=\"https:\/\/www.clickforschools.eu\/wp-content\/uploads\/2020\/03\/climate-1024x580.png\" alt=\"\" data-id=\"958\" data-full-url=\"https:\/\/www.clickforschools.eu\/wp-content\/uploads\/2020\/03\/climate.png\" data-link=\"https:\/\/www.clickforschools.eu\/index.php\/home\/climate\/\" class=\"wp-image-958\" srcset=\"https:\/\/www.clickforschools.eu\/wp-content\/uploads\/2020\/03\/climate-1024x580.png 1024w, https:\/\/www.clickforschools.eu\/wp-content\/uploads\/2020\/03\/climate-300x170.png 300w, https:\/\/www.clickforschools.eu\/wp-content\/uploads\/2020\/03\/climate-768x435.png 768w, https:\/\/www.clickforschools.eu\/wp-content\/uploads\/2020\/03\/climate.png 1200w\" sizes=\"auto, (max-width: 1024px) 100vw, 1024px\" \/><\/a><\/figure><\/li><li class=\"blocks-gallery-item\"><figure><a href=\"https:\/\/www.clickforschools.eu\/index.php\/eco-mobility\/\" target=\"_blank\" rel=\"noopener noreferrer\"><img loading=\"lazy\" decoding=\"async\" width=\"1024\" height=\"580\" src=\"https:\/\/www.clickforschools.eu\/wp-content\/uploads\/2020\/03\/eco-1024x580.png\" alt=\"\" data-id=\"959\" data-full-url=\"https:\/\/www.clickforschools.eu\/wp-content\/uploads\/2020\/03\/eco.png\" data-link=\"https:\/\/www.clickforschools.eu\/index.php\/home\/eco\/\" class=\"wp-image-959\" srcset=\"https:\/\/www.clickforschools.eu\/wp-content\/uploads\/2020\/03\/eco-1024x580.png 1024w, https:\/\/www.clickforschools.eu\/wp-content\/uploads\/2020\/03\/eco-300x170.png 300w, https:\/\/www.clickforschools.eu\/wp-content\/uploads\/2020\/03\/eco-768x435.png 768w, https:\/\/www.clickforschools.eu\/wp-content\/uploads\/2020\/03\/eco.png 1200w\" sizes=\"auto, (max-width: 1024px) 100vw, 1024px\" \/><\/a><\/figure><\/li><li class=\"blocks-gallery-item\"><figure><a href=\"https:\/\/www.clickforschools.eu\/index.php\/energy-2\/\" target=\"_blank\" rel=\"noopener noreferrer\"><img loading=\"lazy\" decoding=\"async\" width=\"1024\" height=\"580\" src=\"https:\/\/www.clickforschools.eu\/wp-content\/uploads\/2020\/03\/energy-1024x580.png\" alt=\"\" data-id=\"960\" data-full-url=\"https:\/\/www.clickforschools.eu\/wp-content\/uploads\/2020\/03\/energy.png\" data-link=\"https:\/\/www.clickforschools.eu\/index.php\/home\/energy-2\/\" class=\"wp-image-960\" srcset=\"https:\/\/www.clickforschools.eu\/wp-content\/uploads\/2020\/03\/energy-1024x580.png 1024w, https:\/\/www.clickforschools.eu\/wp-content\/uploads\/2020\/03\/energy-300x170.png 300w, https:\/\/www.clickforschools.eu\/wp-content\/uploads\/2020\/03\/energy-768x435.png 768w, https:\/\/www.clickforschools.eu\/wp-content\/uploads\/2020\/03\/energy.png 1200w\" sizes=\"auto, (max-width: 1024px) 100vw, 1024px\" \/><\/a><\/figure><\/li><li class=\"blocks-gallery-item\"><figure><a href=\"https:\/\/www.clickforschools.eu\/index.php\/natural-disaster\/\" target=\"_blank\" rel=\"noopener noreferrer\"><img loading=\"lazy\" decoding=\"async\" width=\"1024\" height=\"580\" src=\"https:\/\/www.clickforschools.eu\/wp-content\/uploads\/2020\/03\/natural-1024x580.png\" alt=\"\" data-id=\"961\" data-full-url=\"https:\/\/www.clickforschools.eu\/wp-content\/uploads\/2020\/03\/natural.png\" data-link=\"https:\/\/www.clickforschools.eu\/index.php\/home\/natural\/\" class=\"wp-image-961\" srcset=\"https:\/\/www.clickforschools.eu\/wp-content\/uploads\/2020\/03\/natural-1024x580.png 1024w, https:\/\/www.clickforschools.eu\/wp-content\/uploads\/2020\/03\/natural-300x170.png 300w, https:\/\/www.clickforschools.eu\/wp-content\/uploads\/2020\/03\/natural-768x435.png 768w, https:\/\/www.clickforschools.eu\/wp-content\/uploads\/2020\/03\/natural.png 1200w\" sizes=\"auto, (max-width: 1024px) 100vw, 1024px\" \/><\/a><\/figure><\/li><li class=\"blocks-gallery-item\"><figure><a href=\"https:\/\/www.clickforschools.eu\/index.php\/water\/\" target=\"_blank\" rel=\"noopener noreferrer\"><img loading=\"lazy\" decoding=\"async\" width=\"1024\" height=\"580\" src=\"https:\/\/www.clickforschools.eu\/wp-content\/uploads\/2020\/03\/water-1024x580.png\" alt=\"\" data-id=\"962\" data-full-url=\"https:\/\/www.clickforschools.eu\/wp-content\/uploads\/2020\/03\/water.png\" data-link=\"https:\/\/www.clickforschools.eu\/index.php\/home\/water\/\" class=\"wp-image-962\" srcset=\"https:\/\/www.clickforschools.eu\/wp-content\/uploads\/2020\/03\/water-1024x580.png 1024w, https:\/\/www.clickforschools.eu\/wp-content\/uploads\/2020\/03\/water-300x170.png 300w, https:\/\/www.clickforschools.eu\/wp-content\/uploads\/2020\/03\/water-768x435.png 768w, https:\/\/www.clickforschools.eu\/wp-content\/uploads\/2020\/03\/water.png 1200w\" sizes=\"auto, (max-width: 1024px) 100vw, 1024px\" \/><\/a><\/figure><\/li><\/ul><\/figure>\n","protected":false},"excerpt":{"rendered":"<p>Pomozite svojim u\u010denicima da uz nekoliko klikova bolje razumiju u\u010dinke klimatskih promjena u svom neposrednom okru\u017eenju! Uklju\u010dite ih u u\u010denje<\/p>\n","protected":false},"author":1,"featured_media":0,"parent":0,"menu_order":0,"comment_status":"closed","ping_status":"closed","template":"","meta":{"colormag_page_container_layout":"default_layout","colormag_page_sidebar_layout":"default_layout","ngg_post_thumbnail":0,"footnotes":""},"class_list":["post-571","page","type-page","status-publish","hentry"],"_links":{"self":[{"href":"https:\/\/www.clickforschools.eu\/index.php\/wp-json\/wp\/v2\/pages\/571","targetHints":{"allow":["GET"]}}],"collection":[{"href":"https:\/\/www.clickforschools.eu\/index.php\/wp-json\/wp\/v2\/pages"}],"about":[{"href":"https:\/\/www.clickforschools.eu\/index.php\/wp-json\/wp\/v2\/types\/page"}],"author":[{"embeddable":true,"href":"https:\/\/www.clickforschools.eu\/index.php\/wp-json\/wp\/v2\/users\/1"}],"replies":[{"embeddable":true,"href":"https:\/\/www.clickforschools.eu\/index.php\/wp-json\/wp\/v2\/comments?post=571"}],"version-history":[{"count":3,"href":"https:\/\/www.clickforschools.eu\/index.php\/wp-json\/wp\/v2\/pages\/571\/revisions"}],"predecessor-version":[{"id":691,"href":"https:\/\/www.clickforschools.eu\/index.php\/wp-json\/wp\/v2\/pages\/571\/revisions\/691"}],"wp:attachment":[{"href":"https:\/\/www.clickforschools.eu\/index.php\/wp-json\/wp\/v2\/media?parent=571"}],"curies":[{"name":"wp","href":"https:\/\/api.w.org\/{rel}","templated":true}]}}