{"id":567,"date":"2020-02-07T11:27:02","date_gmt":"2020-02-07T11:27:02","guid":{"rendered":"https:\/\/www.clickforschools.eu\/?page_id=567"},"modified":"2020-06-05T07:19:49","modified_gmt":"2020-06-05T07:19:49","slug":"home_fr","status":"publish","type":"page","link":"https:\/\/www.clickforschools.eu\/index.php\/home_fr\/","title":{"rendered":"Click for Schools"},"content":{"rendered":"\n<p>En quelques cliques, aidez vos \u00e9tudiants \u00e0 mieux comprendre les effets du changement climatique sur leur environnement imm\u00e9diat et mobilisez-les avec le concours d\u2019activit\u00e9s et de projets sur le changement climatique. <\/p>\n\n\n\n<figure class=\"wp-block-image size-large is-resized\"><img loading=\"lazy\" decoding=\"async\" src=\"https:\/\/www.clickforschools.eu\/wp-content\/uploads\/2020\/02\/bianco.png\" alt=\"\" class=\"wp-image-624\" width=\"49\" height=\"49\" srcset=\"https:\/\/www.clickforschools.eu\/wp-content\/uploads\/2020\/02\/bianco.png 236w, https:\/\/www.clickforschools.eu\/wp-content\/uploads\/2020\/02\/bianco-150x150.png 150w\" sizes=\"auto, (max-width: 49px) 100vw, 49px\" \/><\/figure>\n\n\n\n<figure class=\"wp-block-gallery aligncenter columns-3 is-cropped\"><ul class=\"blocks-gallery-grid\"><li class=\"blocks-gallery-item\"><figure><a href=\"https:\/\/www.clickforschools.eu\/index.php\/biodiversite\/\" target=\"_blank\" rel=\"noopener noreferrer\"><img decoding=\"async\" src=\"https:\/\/www.clickforschools.eu\/wp-content\/uploads\/2020\/06\/biodiversit_fra.png\" alt=\"\" data-id=\"957\" data-full-url=\"https:\/\/www.clickforschools.eu\/wp-content\/uploads\/2020\/03\/biodiversit.png\" data-link=\"https:\/\/www.clickforschools.eu\/index.php\/home\/biodiversit\/\" class=\"wp-image-957\"><\/a><\/figure><\/li><li class=\"blocks-gallery-item\"><figure><a href=\"https:\/\/www.clickforschools.eu\/index.php\/changement-climatique\/\" target=\"_blank\" rel=\"noopener noreferrer\"><img decoding=\"async\" src=\"https:\/\/www.clickforschools.eu\/wp-content\/uploads\/2020\/06\/cambiamentoclimatico_fra.png\" alt=\"\" data-id=\"958\" data-full-url=\"https:\/\/www.clickforschools.eu\/wp-content\/uploads\/2020\/03\/climate.png\" data-link=\"https:\/\/www.clickforschools.eu\/index.php\/home\/climate\/\" class=\"wp-image-958\"><\/a><\/figure><\/li><li class=\"blocks-gallery-item\"><figure><a href=\"https:\/\/www.clickforschools.eu\/index.php\/eco-mobilite\/\" target=\"_blank\" rel=\"noopener noreferrer\"><img decoding=\"async\" src=\"https:\/\/www.clickforschools.eu\/wp-content\/uploads\/2020\/06\/mobilit_fra.png\" alt=\"\" data-id=\"959\" data-full-url=\"https:\/\/www.clickforschools.eu\/wp-content\/uploads\/2020\/03\/eco.png\" data-link=\"https:\/\/www.clickforschools.eu\/index.php\/home\/eco\/\" class=\"wp-image-959\"><\/a><\/figure><\/li><li class=\"blocks-gallery-item\"><figure><a href=\"https:\/\/www.clickforschools.eu\/index.php\/energie\/\" target=\"_blank\" rel=\"noopener noreferrer\"><img decoding=\"async\" src=\"https:\/\/www.clickforschools.eu\/wp-content\/uploads\/2020\/06\/energia_fra.png\" alt=\"\" data-id=\"960\" data-full-url=\"https:\/\/www.clickforschools.eu\/wp-content\/uploads\/2020\/03\/energy.png\" data-link=\"https:\/\/www.clickforschools.eu\/index.php\/home\/energy-2\/\" class=\"wp-image-960\"><\/a><\/figure><\/li><li class=\"blocks-gallery-item\"><figure><a href=\"https:\/\/www.clickforschools.eu\/index.php\/catastrophe-naturelle\/\" target=\"_blank\" rel=\"noopener noreferrer\"><img decoding=\"async\" src=\"https:\/\/www.clickforschools.eu\/wp-content\/uploads\/2020\/06\/disastri_fra.png\" alt=\"\" data-id=\"961\" data-full-url=\"https:\/\/www.clickforschools.eu\/wp-content\/uploads\/2020\/03\/natural.png\" data-link=\"https:\/\/www.clickforschools.eu\/index.php\/home\/natural\/\" class=\"wp-image-961\"><\/a><\/figure><\/li><li class=\"blocks-gallery-item\"><figure><a href=\"https:\/\/www.clickforschools.eu\/index.php\/leau\/\" target=\"_blank\" rel=\"noopener noreferrer\"><img decoding=\"async\" src=\"https:\/\/www.clickforschools.eu\/wp-content\/uploads\/2020\/06\/acqua_fra.png\" alt=\"\" data-id=\"962\" data-full-url=\"https:\/\/www.clickforschools.eu\/wp-content\/uploads\/2020\/03\/water.png\" data-link=\"https:\/\/www.clickforschools.eu\/index.php\/home\/water\/\" class=\"wp-image-962\"><\/a><\/figure><\/li><\/ul><\/figure>\n","protected":false},"excerpt":{"rendered":"<p>En quelques cliques, aidez vos \u00e9tudiants \u00e0 mieux comprendre les effets du changement climatique sur leur environnement imm\u00e9diat et mobilisez-les<\/p>\n","protected":false},"author":1,"featured_media":0,"parent":0,"menu_order":0,"comment_status":"closed","ping_status":"closed","template":"","meta":{"colormag_page_container_layout":"default_layout","colormag_page_sidebar_layout":"default_layout","ngg_post_thumbnail":0,"footnotes":""},"class_list":["post-567","page","type-page","status-publish","hentry"],"_links":{"self":[{"href":"https:\/\/www.clickforschools.eu\/index.php\/wp-json\/wp\/v2\/pages\/567","targetHints":{"allow":["GET"]}}],"collection":[{"href":"https:\/\/www.clickforschools.eu\/index.php\/wp-json\/wp\/v2\/pages"}],"about":[{"href":"https:\/\/www.clickforschools.eu\/index.php\/wp-json\/wp\/v2\/types\/page"}],"author":[{"embeddable":true,"href":"https:\/\/www.clickforschools.eu\/index.php\/wp-json\/wp\/v2\/users\/1"}],"replies":[{"embeddable":true,"href":"https:\/\/www.clickforschools.eu\/index.php\/wp-json\/wp\/v2\/comments?post=567"}],"version-history":[{"count":4,"href":"https:\/\/www.clickforschools.eu\/index.php\/wp-json\/wp\/v2\/pages\/567\/revisions"}],"predecessor-version":[{"id":2106,"href":"https:\/\/www.clickforschools.eu\/index.php\/wp-json\/wp\/v2\/pages\/567\/revisions\/2106"}],"wp:attachment":[{"href":"https:\/\/www.clickforschools.eu\/index.php\/wp-json\/wp\/v2\/media?parent=567"}],"curies":[{"name":"wp","href":"https:\/\/api.w.org\/{rel}","templated":true}]}}