{"id":292,"date":"2020-01-21T13:54:01","date_gmt":"2020-01-21T13:54:01","guid":{"rendered":"https:\/\/www.clickforschools.eu\/?page_id=292"},"modified":"2020-03-10T09:48:40","modified_gmt":"2020-03-10T09:48:40","slug":"popis-kontakata","status":"publish","type":"page","link":"https:\/\/www.clickforschools.eu\/index.php\/popis-kontakata\/","title":{"rendered":""},"content":{"rendered":"\n<p><img loading=\"lazy\" decoding=\"async\" width=\"73\" height=\"83\" class=\"wp-image-204\" style=\"width: 73px;\" src=\"https:\/\/www.clickforschools.eu\/wp-content\/uploads\/2020\/01\/loghi-copia_11.jpg\" alt=\"\"><br><strong>Udruga za oto\u010dki razvoj Bra\u010d<\/strong><br>Udruga za oto\u010dki razvoj Bra\u010d osnovana je s ciljem za\u0161tite i promocije kulturne i prirodne ba\u0161tine te edukacije lokalnog stanovni\u0161tva, osobito mladih, o odr\u017eivom kori\u0161tenju oto\u010dkih potencijala. Udruga usmjerava svoje aktivnosti na otkrivanje, obnovu, javno predstavljanje i odr\u017eivo gospodarenje kulturnom i prirodnom ba\u0161tinom otoka. Osnovni cilj je pobolj\u0161anje \u017eivotnih uvjeta na otoku na dobrobit svih njegovih stanovnika, osobito mladih. <br><br>Kontakt: <a href=\"mailto:udruga.brac@gmail.com\">udruga.brac@gmail.com<\/a>&nbsp;&nbsp;&nbsp;&nbsp;&nbsp;&nbsp;<br>Tel: +385 91 5031780 <\/p>\n\n\n\n<p><img loading=\"lazy\" decoding=\"async\" width=\"86\" height=\"83\" class=\"wp-image-203\" style=\"width: 86px;\" src=\"https:\/\/www.clickforschools.eu\/wp-content\/uploads\/2020\/01\/loghi-copia_09.jpg\" alt=\"\"><br><strong>Osnovna \u0161kola Pu\u010di\u0161\u0107a<\/strong><br>Osnovna \u0161kola Pu\u010di\u0161\u0107a trudi se pru\u017eiti kvalitetno obrazovanje svojim u\u010denicima, ponajprije kreativnim i inovativnim pristupom koji prakticiraju njezini u\u010ditelji. U \u0161koli dominiraju iskustvena, projektna i istra\u017eiva\u010dka nastava. U\u010ditelji se redovito usavr\u0161avaju za implementaciju u\u010dinkovitih nastavnih metoda i strategija. \u0160kola je ve\u0107 vi\u0161e od desetlje\u0107a iznimno aktivna u projektima me\u0111unarodne suradnje kroz EU programe, i na taj je na\u010din u toku s najsuvremenijim pedago\u0161kim teorijama i praksama.&nbsp; Ste\u010deno znanje primjenjuje se u svakodnevnom nastavnom radu, na sadr\u017eajima koji su bliski mjestu i trenutku u kojem u\u010denici \u017eive. <br><br>Kontakt: <a href=\"mailto:os-pucisca@st.t-com.hr\">os-pucisca@st.t-com.hr<\/a>&nbsp;&nbsp;&nbsp;&nbsp;&nbsp; <br>Tel: +385 21 633 105&nbsp; <\/p>\n","protected":false},"excerpt":{"rendered":"<p>Udruga za oto\u010dki razvoj Bra\u010dUdruga za oto\u010dki razvoj Bra\u010d osnovana je s ciljem za\u0161tite i promocije kulturne i prirodne ba\u0161tine<\/p>\n","protected":false},"author":1,"featured_media":0,"parent":0,"menu_order":0,"comment_status":"closed","ping_status":"closed","template":"","meta":{"colormag_page_container_layout":"default_layout","colormag_page_sidebar_layout":"default_layout","ngg_post_thumbnail":0,"footnotes":""},"class_list":["post-292","page","type-page","status-publish","hentry"],"_links":{"self":[{"href":"https:\/\/www.clickforschools.eu\/index.php\/wp-json\/wp\/v2\/pages\/292","targetHints":{"allow":["GET"]}}],"collection":[{"href":"https:\/\/www.clickforschools.eu\/index.php\/wp-json\/wp\/v2\/pages"}],"about":[{"href":"https:\/\/www.clickforschools.eu\/index.php\/wp-json\/wp\/v2\/types\/page"}],"author":[{"embeddable":true,"href":"https:\/\/www.clickforschools.eu\/index.php\/wp-json\/wp\/v2\/users\/1"}],"replies":[{"embeddable":true,"href":"https:\/\/www.clickforschools.eu\/index.php\/wp-json\/wp\/v2\/comments?post=292"}],"version-history":[{"count":6,"href":"https:\/\/www.clickforschools.eu\/index.php\/wp-json\/wp\/v2\/pages\/292\/revisions"}],"predecessor-version":[{"id":1205,"href":"https:\/\/www.clickforschools.eu\/index.php\/wp-json\/wp\/v2\/pages\/292\/revisions\/1205"}],"wp:attachment":[{"href":"https:\/\/www.clickforschools.eu\/index.php\/wp-json\/wp\/v2\/media?parent=292"}],"curies":[{"name":"wp","href":"https:\/\/api.w.org\/{rel}","templated":true}]}}