{"id":290,"date":"2020-01-21T13:53:47","date_gmt":"2020-01-21T13:53:47","guid":{"rendered":"https:\/\/www.clickforschools.eu\/?page_id=290"},"modified":"2020-02-21T09:52:30","modified_gmt":"2020-02-21T09:52:30","slug":"liste-de-contacts","status":"publish","type":"page","link":"https:\/\/www.clickforschools.eu\/index.php\/liste-de-contacts\/","title":{"rendered":""},"content":{"rendered":"\n<p><img loading=\"lazy\" decoding=\"async\" width=\"150\" height=\"75\" class=\"wp-image-205\" style=\"width: 150px;\" src=\"https:\/\/www.clickforschools.eu\/wp-content\/uploads\/2020\/01\/loghi-copia_13.jpg\" alt=\"\"><br>L&#8217;UAC est une association \u00e0 vocation euro-m\u00e9diterran\u00e9enne implant\u00e9e en Provence. Reconnue &#8220;d&#8217;utilit\u00e9 sociale&#8221; et agr\u00e9\u00e9e par l&#8217;\u00c9tat comme association populaire d&#8217;\u00e9ducation et de jeunesse et association pour la protection de l&#8217;environnement. Elle b\u00e9n\u00e9ficie du label national Centre Permanent d&#8217;Initiatives pour l&#8217;Environnement (CPIE).<br>L\u2019association a pour but de favoriser l\u2019\u00e9mergence d\u2019une conscience \u00e9co citoyenne chez l\u2019enfant, l\u2019adolescent et l\u2019adulte dans la perspective d\u2019un d\u00e9veloppement durable&nbsp; du Vaucluse. Notamment \u00e0 travers d\u2019actions telles que&nbsp;: <br> \u2022   Le volontariat international avec les chantiers de b\u00e9n\u00e9voles de restauration du patrimoine, des campus d&#8217;\u00e9tudes centr\u00e9s sur le sol et le sol au service des collectivit\u00e9s locales, service civique ou service volontaire europ\u00e9en.<br> \u2022   Des ateliers pour tous publics et la d\u00e9couverte du paysage m\u00e9diterran\u00e9en.<br> \u2022   Les projets d&#8217;initiation, p\u00e9dagogique ou de formation pour tous publics sur de nombreux th\u00e8mes: biodiversit\u00e9, changement climatique, pr\u00e9vention des risques naturels, protection du patrimoine pierre s\u00e8che, etc.<br> \u2022   Des projets de coop\u00e9ration euro-m\u00e9diterran\u00e9enne dans les domaines du d\u00e9veloppement durable, de l&#8217;\u00e9cocitoyennet\u00e9, de la protection du patrimoine.<br><br>Contacts :  <a rel=\"noreferrer noopener\" href=\"mailto:contact@apare-cme.eu\" target=\"_blank\">contact@apare-cme.eu<\/a> <br><a href=\"http:\/\/www.apare-cme.eu\/en\/association\/apare-cme-union\">www.apare-cme.eu\/en\/association\/apare-cme-union<\/a> <\/p>\n\n\n\n<p><img loading=\"lazy\" decoding=\"async\" width=\"82\" height=\"83\" class=\"wp-image-202\" style=\"width: 82px;\" src=\"https:\/\/www.clickforschools.eu\/wp-content\/uploads\/2020\/01\/loghi-copia_07.jpg\" alt=\"\"><br>Le coll\u00e8ge Jean Garcin est un \u00e9tablissement public du Minist\u00e8re de l\u2019\u00c9ducation Nationale. Il pr\u00e9pare les \u00e9l\u00e8ves adolescents au brevet des coll\u00e8ges et \u00e0 l\u2019entr\u00e9e au lyc\u00e9e. <br><br>Contacts: <a rel=\"noreferrer noopener\" href=\"mailto:ce.0841118j@ac-aix-marseille.fr\" target=\"_blank\">ce.0841118j@ac-aix-marseille.fr <\/a>  <br><a href=\"http:\/\/www.clg-jean-garcin.ac-aix-marseille.fr\/spip\/\">www.clg-jean-garcin.ac-aix-marseille.fr\/spip\/<\/a> <\/p>\n","protected":false},"excerpt":{"rendered":"<p>L&#8217;UAC est une association \u00e0 vocation euro-m\u00e9diterran\u00e9enne implant\u00e9e en Provence. Reconnue &#8220;d&#8217;utilit\u00e9 sociale&#8221; et agr\u00e9\u00e9e par l&#8217;\u00c9tat comme association populaire<\/p>\n","protected":false},"author":1,"featured_media":0,"parent":0,"menu_order":0,"comment_status":"closed","ping_status":"closed","template":"","meta":{"colormag_page_container_layout":"default_layout","colormag_page_sidebar_layout":"default_layout","ngg_post_thumbnail":0,"footnotes":""},"class_list":["post-290","page","type-page","status-publish","hentry"],"_links":{"self":[{"href":"https:\/\/www.clickforschools.eu\/index.php\/wp-json\/wp\/v2\/pages\/290","targetHints":{"allow":["GET"]}}],"collection":[{"href":"https:\/\/www.clickforschools.eu\/index.php\/wp-json\/wp\/v2\/pages"}],"about":[{"href":"https:\/\/www.clickforschools.eu\/index.php\/wp-json\/wp\/v2\/types\/page"}],"author":[{"embeddable":true,"href":"https:\/\/www.clickforschools.eu\/index.php\/wp-json\/wp\/v2\/users\/1"}],"replies":[{"embeddable":true,"href":"https:\/\/www.clickforschools.eu\/index.php\/wp-json\/wp\/v2\/comments?post=290"}],"version-history":[{"count":7,"href":"https:\/\/www.clickforschools.eu\/index.php\/wp-json\/wp\/v2\/pages\/290\/revisions"}],"predecessor-version":[{"id":766,"href":"https:\/\/www.clickforschools.eu\/index.php\/wp-json\/wp\/v2\/pages\/290\/revisions\/766"}],"wp:attachment":[{"href":"https:\/\/www.clickforschools.eu\/index.php\/wp-json\/wp\/v2\/media?parent=290"}],"curies":[{"name":"wp","href":"https:\/\/api.w.org\/{rel}","templated":true}]}}