{"id":288,"date":"2020-01-21T13:53:36","date_gmt":"2020-01-21T13:53:36","guid":{"rendered":"https:\/\/www.clickforschools.eu\/?page_id=288"},"modified":"2020-03-02T15:16:18","modified_gmt":"2020-03-02T15:16:18","slug":"contatti","status":"publish","type":"page","link":"https:\/\/www.clickforschools.eu\/index.php\/contatti\/","title":{"rendered":""},"content":{"rendered":"\n<p><img loading=\"lazy\" decoding=\"async\" width=\"119\" height=\"83\" class=\"wp-image-206\" style=\"width: 119px;\" src=\"https:\/\/www.clickforschools.eu\/wp-content\/uploads\/2020\/01\/loghi-copia_15.png\" alt=\"\"><br>E.R.I.C.A. nasce nel 1996 a seguito di una tragica alluvione che due anni prima colp\u00ec il Sud Piemonte, con l\u2019obiettivo di occuparsi di ambiente, sia in termini di comunicazione che di supporto tecnico a enti pubblici e organismi privati.<br>I temi su cui lavoriamo, principalmente, sono la gestione dei rifiuti, la prevenzione dei rischi, il ciclo delle acque, l\u2019energia, l\u2019agricoltura biologica e la sostenibilit\u00e0 ambientale.<br>In pi\u00f9 di venti anni di attivit\u00e0 abbiamo lavorato in oltre 2.000 tra Comuni, Province, Regioni, Consorzi e aziende in tutta Italia, in Europa e in diverse parti del mondo, progettando servizi ambientali, realizzando studi di fattibilit\u00e0, creando campagne di comunicazione, percorsi formativi, organizzando attivit\u00e0 di educazione ambientale ed eventi sostenibili.<br>Oggi E.R.I.C.A. \u00e8 leader della comunicazione ambientale in Italia e sta rinforzando la propria collaborazione con Enti e aziende operanti in molti stati dell\u2019Unione Europea nel resto del mondo, ad esempio in Nord Africa e in Medio Oriente.<br><br>Contatti: <a href=\"mailto:giuseppe.totaro@cooperica.it\">info<\/a><a href=\"mailto:ufficiostampa@cooperica.it\">@cooperica.it<\/a><br>Telefono: 0173\/33777 int. 511 <br><a rel=\"noreferrer noopener\" href=\"http:\/\/www.cooperica.it\" target=\"_blank\">www.cooperica.it<\/a> <\/p>\n\n\n\n<p><img loading=\"lazy\" decoding=\"async\" width=\"65\" height=\"83\" class=\"wp-image-199\" style=\"width: 65px;\" src=\"https:\/\/www.clickforschools.eu\/wp-content\/uploads\/2020\/01\/loghi-copia_01.jpg\" alt=\"\"><br><strong>APRO Formazione<\/strong><br>Fondata da Mons. G. B. Gianolio nel 1958, da sempre APRO Formazione ha come obiettivo la preparazione dei giovani al mondo del lavoro e l\u2019aggiornamento professionale dei lavoratori, in risposta alle esigenze del territorio e ai fabbisogni delle aziende.<br>APRO \u00e8 Scuola, Agenzia Formativa, di Orientamento e Agenzia per i Servizi al Lavoro ad Alba e Canelli.<br><em>Contatti<\/em>: <a href=\"mailto:europa@aproformazione.it\">europa@aproformazione.it<\/a> <br><a rel=\"noreferrer noopener\" aria-label=\"https:\/\/www.apro-fp.it\/ (apre in una nuova scheda)\" href=\"https:\/\/www.apro-fp.it\/\" target=\"_blank\">www.apro-fp.it\/<\/a><\/p>\n\n\n\n<p><\/p>\n","protected":false},"excerpt":{"rendered":"<p>E.R.I.C.A. nasce nel 1996 a seguito di una tragica alluvione che due anni prima colp\u00ec il Sud Piemonte, con l\u2019obiettivo<\/p>\n","protected":false},"author":1,"featured_media":0,"parent":0,"menu_order":0,"comment_status":"closed","ping_status":"closed","template":"","meta":{"colormag_page_container_layout":"default_layout","colormag_page_sidebar_layout":"default_layout","ngg_post_thumbnail":0,"footnotes":""},"class_list":["post-288","page","type-page","status-publish","hentry"],"_links":{"self":[{"href":"https:\/\/www.clickforschools.eu\/index.php\/wp-json\/wp\/v2\/pages\/288","targetHints":{"allow":["GET"]}}],"collection":[{"href":"https:\/\/www.clickforschools.eu\/index.php\/wp-json\/wp\/v2\/pages"}],"about":[{"href":"https:\/\/www.clickforschools.eu\/index.php\/wp-json\/wp\/v2\/types\/page"}],"author":[{"embeddable":true,"href":"https:\/\/www.clickforschools.eu\/index.php\/wp-json\/wp\/v2\/users\/1"}],"replies":[{"embeddable":true,"href":"https:\/\/www.clickforschools.eu\/index.php\/wp-json\/wp\/v2\/comments?post=288"}],"version-history":[{"count":7,"href":"https:\/\/www.clickforschools.eu\/index.php\/wp-json\/wp\/v2\/pages\/288\/revisions"}],"predecessor-version":[{"id":955,"href":"https:\/\/www.clickforschools.eu\/index.php\/wp-json\/wp\/v2\/pages\/288\/revisions\/955"}],"wp:attachment":[{"href":"https:\/\/www.clickforschools.eu\/index.php\/wp-json\/wp\/v2\/media?parent=288"}],"curies":[{"name":"wp","href":"https:\/\/api.w.org\/{rel}","templated":true}]}}