{"id":262,"date":"2020-01-21T13:43:06","date_gmt":"2020-01-21T13:43:06","guid":{"rendered":"https:\/\/www.clickforschools.eu\/?page_id=262"},"modified":"2020-06-19T13:12:53","modified_gmt":"2020-06-19T13:12:53","slug":"didakticki-list","status":"publish","type":"page","link":"https:\/\/www.clickforschools.eu\/index.php\/didakticki-list\/","title":{"rendered":"UVOD U DIDAKTI\u010cKE IZVORE"},"content":{"rendered":"\n<p>Projekt Click for schools nudi u\u010diteljima niz nastavnih aktivnosti, istra\u017eiva\u010dkih projekata i primjera dobre prakse, utemeljenih na multidisciplinarnom i cjelovitom pristupu, a u cilju:<\/p>\n\n\n\n<ul class=\"wp-block-list\"><li> Boljeg razumijevanja uzroka i posljedica klimatskih promjena <\/li><li> Sna\u017enijeg&nbsp; anga\u017emana u\u010denika u pojedina\u010dnim ili kolektivnim eko-gra\u0111anskim akcijama <\/li><\/ul>\n\n\n\n<p> Nastavni materijali kreirani su uglavnom za u\u010denike u dobi od 11 do 16 godina koji \u017eive u mediteranskoj regiji, ali se mogu lako prilagoditi drugim uzrastima ili regijama <\/p>\n\n\n\n<p><img loading=\"lazy\" decoding=\"async\" width=\"80\" height=\"86\" class=\"wp-image-1245\" style=\"width: 80px;\" src=\"https:\/\/www.clickforschools.eu\/wp-content\/uploads\/2020\/03\/libroOK.png\" alt=\"\"><br>AKTIVNOSTI<\/p>\n\n\n\n<p>U ovom se izborniku nude istra\u017eivanja, eksperimenti, igre i\ndruge aktivnosti primjerene radu u u\u010dionici.<\/p>\n\n\n\n<p>Svaki se predlo\u017eeni listi\u0107 aktivnosti mo\u017ee povezati s\ndrugim aktivnostima ili projektima,&nbsp;\nupotpuniti razli\u010ditim vanjskim izvorima i tako omogu\u0107iti\nostvarenje originalnog kroskurikularnog programa. Nekoliko primjera takvih programa\nmo\u017eete prona\u0107i na ovoj web stranici.<\/p>\n\n\n\n<p>Pomo\u0107u tra\u017eilice prona\u0111ite zanimljive aktivnosti\npovezane s&nbsp; odabranom tematikom\n(stakleni\u010dki u\u010dinak, bioraznolikost, voda, energija itd.) ili disciplinom\n(geografija, prirodne znanosti, umjetnost itd).<\/p>\n\n\n\n<figure class=\"wp-block-table\"><table class=\"\"><tbody><tr><td>TITULA<\/td><td>KLJU\u010cNE RIJE\u010cI<\/td><\/tr><tr><td> <a rel=\"noreferrer noopener\" href=\"https:\/\/www.clickforschools.eu\/wp-content\/uploads\/2020\/06\/%C5%A0to-je-kru%C5%BEenje-ugljika.pdf\" target=\"_blank\">\u0160to je kru\u017eenje ugljika<\/a> <\/td><td>Uglji\u010dni, ciklus, atmosfera, CO2, planeta, ugljik, fosilna, goriva<\/td><\/tr><tr><td> <a rel=\"noreferrer noopener\" href=\"https:\/\/www.clickforschools.eu\/wp-content\/uploads\/2020\/06\/Klimatske-promjene-i-buji%C4%8Dne-poplavle-L.pdf\" target=\"_blank\">Klimatske promjene i buji\u010dne poplavle-L<\/a> <\/td><td>Opasnost, od, poplave, informirane, odluke, djelovanje, \u010dovjeka, institucije, suradnja, empatija, prilagodba, provo\u0111enje, pravila<\/td><\/tr><tr><td> <a rel=\"noreferrer noopener\" href=\"https:\/\/www.clickforschools.eu\/wp-content\/uploads\/2020\/06\/Klimatske-promjene-i-ekostustavi.pdf\" target=\"_blank\">Klimatske promjene i ekostustavi<\/a> <\/td><td>Ekossustav, stani\u0161te, \u017eivotna, zajednica, biolo\u0161ka, raznolikost, prilagodb, organizama<\/td><\/tr><tr><td> <a rel=\"noreferrer noopener\" href=\"https:\/\/www.clickforschools.eu\/wp-content\/uploads\/2020\/06\/Kru%C5%BEenje-vode-u-prirodi.pdf\" target=\"_blank\">Kru\u017eenje vode u prirodi<\/a> <\/td><td>Resurs <\/td><\/tr><tr><td> <a rel=\"noreferrer noopener\" href=\"https:\/\/www.clickforschools.eu\/wp-content\/uploads\/2020\/06\/Prilagodba-na-klimatske-promjene.pdf\" target=\"_blank\">Prilagodba na klimatske promjene<\/a> <\/td><td>Prilagodba, otpornost, prevencija, \u0161teta<\/td><\/tr><tr><td> <a rel=\"noreferrer noopener\" href=\"https:\/\/www.clickforschools.eu\/wp-content\/uploads\/2020\/06\/Veliki-%C5%A1umski-po%C5%BEari-u-mediteranskim-zemljama-i-klimatske-promjene.pdf\" target=\"_blank\">Veliki \u0161umski po\u017eari u mediteranskim zemljama i klimatske promjene<\/a> <\/td><td>Po\u017eari, \u0161umski, po\u017eari, mediteranski, ekosustavi, ekologija, trokut, karta opasnosti, prirodne, katastrofe<\/td><\/tr><tr><td> <a rel=\"noreferrer noopener\" href=\"https:\/\/www.clickforschools.eu\/wp-content\/uploads\/2020\/06\/Voda-krhki-resurs.pdf\" target=\"_blank\">Voda, krhki resurs<\/a> <\/td><td>Resursi, prekomjerna, eksploatacija, hidraulika, nedostatak, zaga\u0111enje<\/td><\/tr><tr><td> <a rel=\"noreferrer noopener\" href=\"https:\/\/www.clickforschools.eu\/wp-content\/uploads\/2020\/06\/Efekt-staklenika.pdf\" target=\"_blank\">Efekt staklenika<\/a> <\/td><td>Plin, stakleni\u010dki plin, atmosfera<\/td><\/tr><tr><td> <a rel=\"noreferrer noopener\" href=\"https:\/\/www.clickforschools.eu\/wp-content\/uploads\/2020\/06\/Elektri%C4%8Dna-energija.pdf\" target=\"_blank\">Elektri\u010dna energija<\/a> <\/td><td>Elektri\u010dna, energija, fosilna, goriva, lignit, otisak ugljika, efekt, staklenika, upotreba, energije<\/td><\/tr><tr><td> <a rel=\"noreferrer noopener\" href=\"https:\/\/www.clickforschools.eu\/wp-content\/uploads\/2020\/06\/Klimatske-promjene-%E2%80%93-%C5%A1to-je-to-zapravo.pdf\" target=\"_blank\">Klimatske promjene \u2013 \u0161to je to zapravo<\/a> <\/td><td>Klima, mediteranska<\/td><\/tr><\/tbody><\/table><\/figure>\n\n\n\n<p><img loading=\"lazy\" decoding=\"async\" width=\"80\" height=\"86\" class=\"wp-image-1241\" style=\"width: 80px;\" src=\"https:\/\/www.clickforschools.eu\/wp-content\/uploads\/2020\/03\/lampadine-1.png\" alt=\"\"><br> LISTI\u0106I ZNANJA   <\/p>\n\n\n\n<p>U ovom se izborniku nude pedago\u0161ki projekti koji tijekom\nduljeg razdoblja motiviraju u\u010denike na stvarala\u010dke i istra\u017eiva\u010dke procese te\ntimski suradni\u010dki rad, \u0161to ih uvodi u aktivizam eko-gra\u0111anstva.<\/p>\n\n\n\n<p>Svaki se predlo\u017eeni projekt mo\u017ee povezati s drugim nastavnim\naktivnostima ili vanjskim izvorima znanja. Primjere&nbsp; povezanih kroskurikularnih programa\nmo\u017eete prona\u0107i na ovoj web stranici.<\/p>\n\n\n\n<p>Pomo\u0107u tra\u017eilice prona\u0111ite zanimljive projekte\npovezane s&nbsp; odabranom tematikom\n(stakleni\u010dki u\u010dinak, biolo\u0161ka raznolikost, voda, energija itd.) ili disciplinom\n(zemljopis, prirodne znanosti, umjetnost itd).<\/p>\n\n\n\n<figure class=\"wp-block-table is-style-regular\"><table class=\"\"><tbody><tr><td> TITULA <\/td><td> KLJU\u010cNE RIJE\u010cI <\/td><td>PREDMETI<\/td><\/tr><tr><td> <a rel=\"noreferrer noopener\" href=\"https:\/\/www.clickforschools.eu\/wp-content\/uploads\/2020\/06\/Izvjestitelj-o-klimatskim-promjenama.pdf\" target=\"_blank\">Izvjestitelj o klimatskim promjenama<\/a> <\/td><td>klimatske, promjene, mediteranska, regija, ljudake, aktivnosti, CO2<\/td><td>Geografija <\/td><\/tr><tr><td> <a rel=\"noreferrer noopener\" href=\"https:\/\/www.clickforschools.eu\/wp-content\/uploads\/2020\/06\/Kad-voda-postane-prijetnja.pdf\" target=\"_blank\">Kad voda postane prijetnja<\/a> <\/td><td>poplave, voda<\/td><td>Priroda, biologija, povijest, materinski, strani, jezik<\/td><\/tr><tr><td> <a rel=\"noreferrer noopener\" href=\"https:\/\/www.clickforschools.eu\/wp-content\/uploads\/2020\/06\/Klimatske-promjene-i-buji%C4%8Dne-poplave.pdf\" target=\"_blank\">Klimatske promjene i buji\u010dne poplave<\/a> <\/td><td>opasnost, poplave, buji\u010dne,  poplave, prevencija, klimatske promjene, ubla\u017eavanje, prilagodba<\/td><td>Geografija, fizika, gra\u0111anski, odgoj<\/td><\/tr><tr><td> <a rel=\"noreferrer noopener\" href=\"https:\/\/www.clickforschools.eu\/wp-content\/uploads\/2020\/06\/Oslikavanje-klimatske-situacije-utjecaj-klimatskih-promjena-na-okru%C5%BEenje.pdf\" target=\"_blank\">Oslikavanje klimatske situacije-utjecaj klimatskih promjena na okru\u017eenje<\/a> <\/td><td>Teritorij, razvoj, uzroci, utjecaji, okru\u017eenje, prilagodba, ubla\u017eavanje<\/td><td>Geografija, Priroda , biologija,  ekonomija<\/td><\/tr><tr><td> <a rel=\"noreferrer noopener\" href=\"https:\/\/www.clickforschools.eu\/wp-content\/uploads\/2020\/06\/Pokus-o-stvaranju-elektri%C4%8Dne-energije-pomo%C4%87u-solarne-plo%C4%8De.pdf\" target=\"_blank\">Pokus o stvaranju elektri\u010dne energije pomo\u0107u solarne plo\u010de<\/a> <\/td><td>Elektri\u010dna, energija, shema, obnovljivi, izvori, energije, eksperiment<\/td><td>fizika, priroda biologija<\/td><\/tr><tr><td> <a rel=\"noreferrer noopener\" href=\"https:\/\/www.clickforschools.eu\/wp-content\/uploads\/2020\/06\/Pokus-o-u%C4%8Dinku-topljenja-leda-na-porast-razine-mora.pdf\" target=\"_blank\">Pokus o u\u010dinku topljenja leda na porast razine mora<\/a> <\/td><td>Razina, mora, otapanje, leda, led, na kontinentu, Globalno, zagrijavanje, Prirodni, rizik<\/td><td>Priroda , biologija, fizika, geografija, gra\u0111anski odgoj<\/td><\/tr><tr><td> <a rel=\"noreferrer noopener\" href=\"https:\/\/www.clickforschools.eu\/wp-content\/uploads\/2020\/06\/Pokus-o-u%C4%8Dinku-zakiseljavanja-mora-na-morske-organizme.pdf\" target=\"_blank\">Pokus o u\u010dinku zakiseljavanja mora na morske organizme<\/a> <\/td><td>Zakiseljavanje, oceana, pH, \u017eivot, moru, morski, okoli\u0161, topljivost, CO2, biolo\u0161ka, raznolikost<\/td><td>Priroda , biologija, fizika, kemija, geografija<\/td><\/tr><tr><td> <a rel=\"noreferrer noopener\" href=\"https:\/\/www.clickforschools.eu\/wp-content\/uploads\/2020\/06\/Pokus-o-utjecaju-CO2-na-temperaturu-Zemlje.pdf\" target=\"_blank\">Pokus o utjecaju CO2 na temperaturu Zemlje<\/a> <\/td><td>CO2, Globalno, zagrijavanje, efekt, staklenika, Temperatura<\/td><td>Priroda , biologija, fizika, geografija<\/td><\/tr><tr><td> <a rel=\"noreferrer noopener\" href=\"https:\/\/www.clickforschools.eu\/wp-content\/uploads\/2020\/06\/Pokus-o-utjecaju-temperature-na-razinu-mora.pdf\" target=\"_blank\">Pokus o utjecaju temperature na razinu mora<\/a> <\/td><td>Temperatura, razina, mora, globalno, zagrijavanje, prirodni, rizik<\/td><td>Priroda , biologija, fizika, geografija<\/td><\/tr><tr><td> <a rel=\"noreferrer noopener\" href=\"https:\/\/www.clickforschools.eu\/wp-content\/uploads\/2020\/06\/Po%C5%A1tujem-svoj-okoli%C5%A1.pdf\" target=\"_blank\">Po\u0161tujem svoj okoli\u0161<\/a> <\/td><td>uzro\u010dno, posljedi\u010dna, veza, otpad, plastika, zajednica,<br> gra\u0111anstvo, odgovornost,<br> za\u0161tita, teritorij,<br> otpad<\/td><td>Priroda , biologija, dru\u0161tvene znanosti, geografija, matematika<\/td><\/tr><tr><td> <a rel=\"noreferrer noopener\" href=\"https:\/\/www.clickforschools.eu\/wp-content\/uploads\/2020\/06\/Prema-odr%C5%BEivom-prijevozu.pdf\" target=\"_blank\">Prema odr\u017eivom prijevozu<\/a> <\/td><td>Utjecaj, mobilnosti, promet, fosilno, gorivo, zaga\u0111enje, zraka, odr\u017eiva, mobilnost<\/td><td>Priroda , biologija, dru\u0161tvene, znanosti, geografija, gra\u0111anski odgoj, povijest, matematika<\/td><\/tr><tr><td> <a rel=\"noreferrer noopener\" href=\"https:\/\/www.clickforschools.eu\/wp-content\/uploads\/2020\/06\/Probudi-se-eko-gra_ansko-dj-elovanje-u-lokalnoj-zajednici.pdf\" target=\"_blank\">Probudi se &#8211; eko-gra_ansko dj elovanje u lokalnoj zajednici<\/a> <\/td><td>podizanje, svijesti, gra\u0111anska, akcija<\/td><td>Materinski jezik, priroda , biologija, gra\u0111anski odgoj<\/td><\/tr><tr><td> <a rel=\"noreferrer noopener\" href=\"https:\/\/www.clickforschools.eu\/wp-content\/uploads\/2020\/06\/Reakcije-ekosustava-na-klimatske-promjene.pdf\" target=\"_blank\">Reakcije ekosustava na klimatske promjene<\/a> <\/td><td>Klimatske, promjene, stani\u0161ta, \u017eivotni, uvjeti, prilagodba, organizmi, voda, biolo\u0161ka raznolikost, poljoprivreda<\/td><td>Priroda , biologija, geografija<\/td><\/tr><tr><td> <a rel=\"noreferrer noopener\" href=\"https:\/\/www.clickforschools.eu\/wp-content\/uploads\/2020\/06\/Sposobnost-prilago%C4%91avanja-klimatskim-promjenamaL.pdf\" target=\"_blank\">Sposobnost prilago\u0111avanja klimatskim promjenama<\/a> <\/td><td>Vje\u0161tine, prilagodbe, drve\u0107e, \u017eivot, zajednici,<\/td><td>Priroda , biologija, materinski, jezik, gra\u0111anski, odgoj<\/td><\/tr><tr><td> <a rel=\"noreferrer noopener\" href=\"https:\/\/www.clickforschools.eu\/wp-content\/uploads\/2020\/06\/Upoznavanje-u%C4%8Denika-s-klimatskim-promjenama.pdf\" target=\"_blank\">Upoznavanje u\u010denika s klimatskim promjenama<\/a> <\/td><td>Otpad, voda, one\u010di\u0161\u0107enje, zraka, biolo\u0161ka, raznolikost, javna migracija, promet, energija, glavni, prirodni, rizici<\/td><td>Priroda, biologija<\/td><\/tr><tr><td> <a rel=\"noreferrer noopener\" href=\"https:\/\/www.clickforschools.eu\/wp-content\/uploads\/2020\/06\/Utjecaj-klimatskih-promjena-na-izumiranje-p%C4%8Dela.pdf\" target=\"_blank\">Utjecaj klimatskih promjena na izumiranje p\u010dela<\/a> <\/td><td>P\u010dela, \u017eivotni, uvjeti, opra\u0161ivanje, kalendar, cvatnje, biolo\u0161ka, raznolikost<\/td><td>Priroda , biologija<\/td><\/tr><tr><td> <a rel=\"noreferrer noopener\" href=\"https:\/\/www.clickforschools.eu\/wp-content\/uploads\/2020\/06\/Utjecaj-klimatskih-promjena-na-migracije-liganja.pdf\" target=\"_blank\">Utjecaj klimatskih promjena na migracije liganja<\/a> <\/td><td>\u017eivotni uvjeti, lignje, promjene, migracija, biolo\u0161ka, raznolikost<\/td><td>Priroda , biologija<\/td><\/tr><tr><td> <a rel=\"noreferrer noopener\" href=\"https:\/\/www.clickforschools.eu\/wp-content\/uploads\/2020\/06\/Utjecaj-klimatskih-promjena-na-rast-srdele.pdf\" target=\"_blank\">Utjecaj klimatskih promjena na rast srdele<\/a> <\/td><td>Srdela, promjene, rasta, prilago\u0111avanje, \u017eivotni, uvjeti, biolo\u0161ka, raznolikost<\/td><td>Materinski, jezik, Priroda , biologija<\/td><\/tr><tr><td> <a rel=\"noreferrer noopener\" href=\"https:\/\/www.clickforschools.eu\/wp-content\/uploads\/2020\/06\/Aktivnost-za-ponavljanje-gradiva-izradom-dru%C5%A1tvene-igre.pdf\" target=\"_blank\">Aktivnost za ponavljanje gradiva izradom dru\u0161tvene igre<\/a> <\/td><td>Klimatske, promjene, voda, efekt, staklenika, biolo\u0161ka, raznolikost, poplave, zaga\u0111enje, otpad, mobilnost<\/td><td>Priroda , biologija<\/td><\/tr><tr><td> <a rel=\"noreferrer noopener\" href=\"https:\/\/www.clickforschools.eu\/wp-content\/uploads\/2020\/06\/Intervju-s-autorom-knjige-o-ekologiji.pdf\" target=\"_blank\">Intervju s autorom knjige o ekologiji<\/a> <\/td><td>Klimatske, promjene, voda, zaga\u0111enje, zraka, otpad, mobilnost, energija, biolo\u0161ka, raznolikost, efekt, staklenika<\/td><td>Priroda , biologija, materinski, jezik, gra\u0111anski, odgoj<\/td><\/tr><tr><td> <a rel=\"noreferrer noopener\" href=\"https:\/\/www.clickforschools.eu\/wp-content\/uploads\/2020\/06\/Istra%C5%BEivanje-posljedica-klimatskih-promjena-u-okoli%C5%A1u.pdf\" target=\"_blank\">Istra\u017eivanje posljedica klimatskih promjena u okoli\u0161u<\/a> <\/td><td>Mediteranska, klima, prirodni, rizici, biolo\u0161ka, raznolikost, zaga\u0111enje, zraka, voda<\/td><td>Geografija, matematika, jezici, IKT, Priroda , biologija<\/td><\/tr><tr><td> <a rel=\"noreferrer noopener\" href=\"https:\/\/www.clickforschools.eu\/wp-content\/uploads\/2020\/06\/Izrada-aplikacije-za-pametne-telefone-za-slu%C4%8Daj-prirodne-ugroze.pdf\" target=\"_blank\">Izrada aplikacije za pametne telefone za slu\u010daj prirodne ugroze<\/a> <\/td><td>Matematika, Algoritam, Programiranje, Primjena, pametni, telefon, Prirodni, rizici, poplava, \u0161umski po\u017ear, prirodna, katastrofa, sigurnost<\/td><td>Matematika, tehnologija<\/td><\/tr><tr><td> <a rel=\"noreferrer noopener\" href=\"https:\/\/www.clickforschools.eu\/wp-content\/uploads\/2020\/06\/Izrada-makete-ekolo%C5%A1ke-ku%C4%87e-u-skladu-s-regionalnim-ograni%C4%8Denjima-i-raspolo%C5%BEivim-lokalnim-resursima.pdf\" target=\"_blank\">Izrada makete ekolo\u0161ke ku\u0107e u skladu s regionalnim ograni\u010denjima i raspolo\u017eivim lokalnim resursima<\/a> <\/td><td>Potro\u0161nja, energije, obnovljivi, izvori, energije, prirodni, resursi, odr\u017eivi, razvoj, voda, rizik, otpad, recikliranje, model<\/td><td>Tehnologija, Priroda , biologija, Likovna kultura<\/td><\/tr><tr><td><\/td><td><\/td><td><\/td><\/tr><\/tbody><\/table><\/figure>\n\n\n\n<p><img loading=\"lazy\" decoding=\"async\" width=\"80\" height=\"86\" class=\"wp-image-1243\" style=\"width: 80px;\" src=\"https:\/\/www.clickforschools.eu\/wp-content\/uploads\/2020\/03\/mani-1.png\" alt=\"\"><br>PROJEKTI <\/p>\n\n\n\n<p>U ovom \u0107ete izborniku prona\u0107i listi\u0107e s informacijama koje mogu upotpunite va\u0161e postoje\u0107e znanje o klimatskim promjenama i potaknuti vas na aktivnosti i projekte predlo\u017eene u Click for Schools.<\/p>\n\n\n\n<p>Svaki listi\u0107 sadr\u017ei jednostavno obja\u0161njenje klju\u010dnog pojma\nili problema, a nudi i dodatne poveznice u svrhu pro\u0161irivanja znanja.<\/p>\n\n\n\n<figure class=\"wp-block-table\"><table class=\"\"><tbody><tr><td> TITULA <\/td><td> KLJU\u010cNE RIJE\u010cI <\/td><td>PREDMETI<\/td><\/tr><tr><td> <a rel=\"noreferrer noopener\" href=\"https:\/\/www.clickforschools.eu\/wp-content\/uploads\/2020\/06\/Akcija-podizanja-svijesti-zbog-ograni%C4%8Davanja-%C5%A1irenja-tigrastih-komaraca.pdf\" target=\"_blank\">Akcija podizanja svijesti zbog ograni\u010davanja \u0161irenja tigrastih komaraca<\/a> <\/td><td>Komarac, \u017eivotni, ciklus, reprodukcija, bolesti<\/td><td>Geografija, priroda , biologija, matematika,  gra\u0111anski, odgoj, materisnki, jezik, zdravstveni, odgoj<\/td><\/tr><tr><td> <a rel=\"noreferrer noopener\" href=\"https:\/\/www.clickforschools.eu\/wp-content\/uploads\/2020\/06\/Aktivnost-za-promicanje-odr%C5%BEive-mobilnosti.pdf\" target=\"_blank\">Aktivnost za promicanje odr\u017eive mobilnosti<\/a> <\/td><td>Prijevoz, CO2, fosilno, gorivo, zaga\u0111ivanje, atmosfera<\/td><td>Priroda, biologija, dru\u0161tvene, znanosti, geografija, povijest, matematika<\/td><\/tr><tr><td> <a rel=\"noreferrer noopener\" href=\"https:\/\/www.clickforschools.eu\/wp-content\/uploads\/2020\/06\/Elektricna-energija-i-klimatske-promjene-uspostavljanje-veza.pdf\" target=\"_blank\">Elektricna energija i klimatske promjene &#8211; uspostavljanje veza<\/a> <\/td><td>Elektri\u010dna, energija, fosilna, goriva, lignit, uglji\u010dni, otisak, efekt, staklenika<\/td><td>Fizika, kemija, Priroda , biologija, ekonomija, IKT<\/td><\/tr><tr><td> <a rel=\"noreferrer noopener\" href=\"https:\/\/www.clickforschools.eu\/wp-content\/uploads\/2020\/06\/Interaktivni-kazali%C5%A1ni-ske%C4%8Devi-%C4%8Dija-je-svrha-promjena-na%C5%A1eg-ekolo%C5%A1kog-pona%C5%A1anja.pdf\" target=\"_blank\">Interaktivni kazali\u0161ni ske\u010devi \u010dija je svrha promjena na\u0161eg ekolo\u0161kog pona\u0161anja<\/a> <\/td><td>Kazali\u0161te, eko-gra\u0111anstvo, svijest, otpad, zaga\u0111enje, biolo\u0161ka, raznolikost, transport, energija, odgovorna, potro\u0161nja, pona\u0161anje<\/td><td>Priroda , biologija, materisnki, jezik, gra\u0111anski, odgoj, likovna, kultura<\/td><\/tr><tr><td> <a rel=\"noreferrer noopener\" href=\"https:\/\/www.clickforschools.eu\/wp-content\/uploads\/2020\/06\/Isprobavanje-novog-gradskog-dijeljenja-elektri%C4%8Dne-energije.pdf\" target=\"_blank\">Isprobavanje novog gradskog dijeljenja elektri\u010dne energije<\/a> <\/td><td>Mobilnost, transport,<br> zaga\u0111enje, zraka, elektri\u010dno<\/td><td>Priroda , biologija, TZK, gra\u0111anski, odgoj<\/td><\/tr><tr><td> <a rel=\"noreferrer noopener\" href=\"https:\/\/www.clickforschools.eu\/wp-content\/uploads\/2020\/06\/Istrazivanje-i-podizanje-svijesti-o-smanjenju-otpada-hrane.pdf\" target=\"_blank\">Istrazivanje i podizanje svijesti o smanjenju otpada hrane<\/a> <\/td><td>Prehrambene, navike, recikliranje<\/td><td>Geografija, Priroda , biologija, matematika, gra\u0111anski, odgoj, materinski, jezik<\/td><\/tr><tr><td> <a rel=\"noreferrer noopener\" href=\"https:\/\/www.clickforschools.eu\/wp-content\/uploads\/2020\/06\/Ocuvanje-prirodnih-izvora-vode-u-neposrednoj-blizini.pdf\" target=\"_blank\">Ocuvanje prirodnih izvora vode u neposrednoj blizini<\/a> <\/td><td>hidrologija kr\u0161a, prirodni, izvori, vode, bio-zajednica<\/td><td>Priroda , biologija, geografija, tehni\u010dka, kultura<\/td><\/tr><tr><td> <a rel=\"noreferrer noopener\" href=\"https:\/\/www.clickforschools.eu\/wp-content\/uploads\/2020\/06\/Organizacija-odrzive-ve-%C4%8Dere.pdf\" target=\"_blank\">Organizacija odrzive ve\u010dere<\/a> <\/td><td>Hrana, poljoprivreda, odr\u017eivost, otpad, hrane<\/td><td>Priroda , biologija, materinski, jezik, IKT<\/td><\/tr><tr><td> <a rel=\"noreferrer noopener\" href=\"https:\/\/www.clickforschools.eu\/wp-content\/uploads\/2020\/06\/Pisanje-tekstova-za-rap-pjesmu-o-problemima-s-vodom.pdf\" target=\"_blank\">Pisanje tekstova za rap pjesmu o problemima s vodom<\/a> <\/td><td>pristup, vodi, zaga\u0111enje, poezija, pisanje, resursi, odgovorna, potro\u0161nja, su\u0161a<\/td><td>Priroda , biologija, geografija, matematika, gra\u0111anski odgoj, materinski , strani, jezik, glazbena, kultura<\/td><\/tr><tr><td> <a rel=\"noreferrer noopener\" href=\"https:\/\/www.clickforschools.eu\/wp-content\/uploads\/2020\/06\/Pomoc-pcelama-da-prez-ive-klimatske-promjene.pdf\" target=\"_blank\">Pomoc pcelama da prez ive klimatske promjene<\/a> <\/td><td>P\u010delinja, zajednica, izumiranje, p\u010dela, \u017eivotni, uvjeti, ekosustav, opra\u0161ivanje, kalendar, cvatnje<\/td><td>Priroda , biologija, materinski, jezik, tehni\u010dka, kultura<\/td><\/tr><tr><td> <a rel=\"noreferrer noopener\" href=\"https:\/\/www.clickforschools.eu\/wp-content\/uploads\/2020\/06\/Prilagodba-na-probleme-globalnih-pro-mjena-kreiranjem-modela-ekolo%C5%A1ke-ku%C4%87e.pdf\" target=\"_blank\">Prilagodba na probleme globalnih promjena kreiranjem modela ekolo\u0161ke ku\u0107e<\/a> <\/td><td>Model, ekolo\u0161ka, odgovornost, potro\u0161nja, energije, obnovljivi, izvori, energije, odr\u017eivi, razvoj, recikliranje, voda, glavni, rizici<\/td><td>Priroda , biologija, fizika, povijest, geografija, gra\u0111anski, odgoj, likovna, kultura, tehnologija, strani, jezici<\/td><\/tr><tr><td> <a rel=\"noreferrer noopener\" href=\"https:\/\/www.clickforschools.eu\/wp-content\/uploads\/2020\/06\/Projekt-za-promjenu-nasi-h-navika-vezanih-uz-sme%C4%87e.pdf\" target=\"_blank\">Projekt za promjenu nasi h navika vezanih uz sme\u0107e<\/a> <\/td><td>Sme\u0107e, otpad,<br> materijali,<br> degradacija, okoli\u0161, kolektivna, odgovornost,<br> timski, rad<\/td><td>Priroda , biologija, dru\u0161tvene, znanosti, knji\u017eevnost, likovna, kultura, geografija, matematika<\/td><\/tr><tr><td> <a rel=\"noreferrer noopener\" href=\"https:\/\/www.clickforschools.eu\/wp-content\/uploads\/2020\/06\/Stvaranje-komunikacijske-kampanje-od-stran-e-u%C4%8Denika-za-ostale-u%C4%8Denike-i-%C5%A1iru-javnost.pdf\" target=\"_blank\">Stvaranje komunikacijske kampanje od stran e u\u010denika za ostale u\u010denike i \u0161iru javnost<\/a> <\/td><td>Komunikacija, gra\u0111anstvo, kampanja<\/td><td>Priroda , biologija, IKT, materinski, jezik, gra\u0111anski, odgoj<\/td><\/tr><tr><td> <a rel=\"noreferrer noopener\" href=\"https:\/\/www.clickforschools.eu\/wp-content\/uploads\/2020\/06\/Uzroci-i-posljedice-klimatskih-promjena.pdf\" target=\"_blank\">Uzroci i posljedice klimatskih promjena<\/a> <\/td><td>po\u017eari, \u0161umski, po\u017eari, Mediteran, ekosustavi, ekologija, vatreni<\/td><td>Priroda , biologija, geografija, gra\u0111anski, odgoj<\/td><\/tr><tr><td> <a rel=\"noreferrer noopener\" href=\"https:\/\/www.clickforschools.eu\/wp-content\/uploads\/2020\/06\/Vodeca-kampanja-za-promicanje-alternativnog-na%C4%8Dina-kretanja.pdf\" target=\"_blank\">Vodeca kampanja za promicanje alternativnog na\u010dina kretanja<\/a> <\/td><td>Efekt, staklenika, \u201csoft\u201d mobilnost, \u017eivotni, stil<\/td><td>Geografija, Priroda , biologija, matematika, gra\u0111anski, odgoj, materinski jezik, TZK<\/td><\/tr><tr><td><\/td><td><\/td><td><\/td><\/tr><tr><td><\/td><td><\/td><td><\/td><\/tr><\/tbody><\/table><\/figure>\n\n\n\n<p><\/p>\n\n\n\n<p><\/p>\n","protected":false},"excerpt":{"rendered":"<p>Projekt Click for schools nudi u\u010diteljima niz nastavnih aktivnosti, istra\u017eiva\u010dkih projekata i primjera dobre prakse, utemeljenih na multidisciplinarnom i cjelovitom<\/p>\n","protected":false},"author":1,"featured_media":0,"parent":0,"menu_order":0,"comment_status":"closed","ping_status":"closed","template":"","meta":{"colormag_page_container_layout":"default_layout","colormag_page_sidebar_layout":"default_layout","ngg_post_thumbnail":0,"footnotes":""},"class_list":["post-262","page","type-page","status-publish","hentry"],"_links":{"self":[{"href":"https:\/\/www.clickforschools.eu\/index.php\/wp-json\/wp\/v2\/pages\/262","targetHints":{"allow":["GET"]}}],"collection":[{"href":"https:\/\/www.clickforschools.eu\/index.php\/wp-json\/wp\/v2\/pages"}],"about":[{"href":"https:\/\/www.clickforschools.eu\/index.php\/wp-json\/wp\/v2\/types\/page"}],"author":[{"embeddable":true,"href":"https:\/\/www.clickforschools.eu\/index.php\/wp-json\/wp\/v2\/users\/1"}],"replies":[{"embeddable":true,"href":"https:\/\/www.clickforschools.eu\/index.php\/wp-json\/wp\/v2\/comments?post=262"}],"version-history":[{"count":63,"href":"https:\/\/www.clickforschools.eu\/index.php\/wp-json\/wp\/v2\/pages\/262\/revisions"}],"predecessor-version":[{"id":2352,"href":"https:\/\/www.clickforschools.eu\/index.php\/wp-json\/wp\/v2\/pages\/262\/revisions\/2352"}],"wp:attachment":[{"href":"https:\/\/www.clickforschools.eu\/index.php\/wp-json\/wp\/v2\/media?parent=262"}],"curies":[{"name":"wp","href":"https:\/\/api.w.org\/{rel}","templated":true}]}}