{"id":2104,"date":"2020-06-05T07:18:46","date_gmt":"2020-06-05T07:18:46","guid":{"rendered":"https:\/\/www.clickforschools.eu\/?page_id=2104"},"modified":"2020-06-05T11:03:00","modified_gmt":"2020-06-05T11:03:00","slug":"leau","status":"publish","type":"page","link":"https:\/\/www.clickforschools.eu\/index.php\/leau\/","title":{"rendered":""},"content":{"rendered":"\n<figure class=\"wp-block-table aligncenter\"><table class=\"\"><tbody><tr><td class=\"has-text-align-center\" data-align=\"center\"><img loading=\"lazy\" decoding=\"async\" width=\"50\" height=\"54\" class=\"wp-image-1245\" style=\"width: 50px;\" src=\"https:\/\/www.clickforschools.eu\/wp-content\/uploads\/2020\/03\/libroOK.png\" alt=\"\"><br>connaissances<\/td><td class=\"has-text-align-center\" data-align=\"center\"><img loading=\"lazy\" decoding=\"async\" width=\"50\" height=\"54\" class=\"wp-image-1241\" style=\"width: 50px;\" src=\"https:\/\/www.clickforschools.eu\/wp-content\/uploads\/2020\/03\/lampadine-1.png\" alt=\"\"><br>  activit\u00e9s  <\/td><td class=\"has-text-align-center\" data-align=\"center\"><img loading=\"lazy\" decoding=\"async\" width=\"50\" height=\"54\" class=\"wp-image-1243\" style=\"width: 50px;\" src=\"https:\/\/www.clickforschools.eu\/wp-content\/uploads\/2020\/03\/mani-1.png\" alt=\"\"><br>  projets  <\/td><\/tr><\/tbody><\/table><\/figure>\n\n\n\n<figure class=\"wp-block-image size-large\"><img loading=\"lazy\" decoding=\"async\" width=\"960\" height=\"720\" src=\"https:\/\/www.clickforschools.eu\/wp-content\/uploads\/2020\/06\/fra_Diapositiva2.jpg\" alt=\"\" class=\"wp-image-2107\" srcset=\"https:\/\/www.clickforschools.eu\/wp-content\/uploads\/2020\/06\/fra_Diapositiva2.jpg 960w, https:\/\/www.clickforschools.eu\/wp-content\/uploads\/2020\/06\/fra_Diapositiva2-300x225.jpg 300w, https:\/\/www.clickforschools.eu\/wp-content\/uploads\/2020\/06\/fra_Diapositiva2-768x576.jpg 768w\" sizes=\"auto, (max-width: 960px) 100vw, 960px\" \/><\/figure>\n\n\n\n<div class=\"wp-block-button\"><a class=\"wp-block-button__link has-background has-vivid-cyan-blue-background-color\" href=\"https:\/\/www.clickforschools.eu\/wp-content\/uploads\/2020\/03\/Changement-climatique-et-crues-%C3%A9clairs.pdf\">1.<strong> Le changement climatique, c&#8217;est quoi&nbsp;?  <\/strong><\/a><\/div>\n\n\n\n<div class=\"wp-block-button alignleft\"><a class=\"wp-block-button__link has-background has-vivid-red-background-color\" href=\"https:\/\/www.clickforschools.eu\/wp-content\/uploads\/2020\/03\/11-Dessiner-sa-r%C3%A9alit%C3%A9-climatique-L_impact-du-changement-climatique-sur-votre-environnement.pdf\">2.<strong> L&#8217;impact du changement climatique sur notre environnement <\/strong><\/a><\/div>\n\n\n\n<div class=\"wp-block-button\"><a class=\"wp-block-button__link has-background has-vivid-purple-background-color\" href=\"https:\/\/www.clickforschools.eu\/wp-content\/uploads\/2020\/03\/8-Reporter-sur-le-changement-climatique-Observation-et-rapport-sur-de-potentielles-diminutions-d_%C3%A9missions-de-CO2.pdf\">3.<strong> Observation et rapport sur de potentielles diminutions des \u00e9missions de CO2 <\/strong><\/a><\/div>\n\n\n\n<div class=\"wp-block-button\"><a class=\"wp-block-button__link has-background has-light-green-cyan-background-color\" href=\"https:\/\/www.clickforschools.eu\/wp-content\/uploads\/2020\/03\/14-Exp%C3%A9rience-autour-des-impacts-de-la-fonte-des-glaces-sur-le-niveau-de-la-mer.pdf\">4.<strong> Exp\u00e9rience autour des impacts de la fonte des glaces sur le niveau de la mer<\/strong><\/a><\/div>\n\n\n\n<div class=\"wp-block-button alignleft\"><a class=\"wp-block-button__link has-background has-vivid-green-cyan-background-color\" href=\"https:\/\/www.clickforschools.eu\/wp-content\/uploads\/2020\/03\/Pr%C3%A9servation-des-sources-d%E2%80%99eau-naturelles-dans-l%E2%80%99environnement-proche.pdf\">5.<strong> Pr\u00e9servation des sources d&#8217;eau naturelles dans l&#8217;environnement proche<\/strong><\/a><\/div>\n\n\n\n<div class=\"wp-block-button\"><a class=\"wp-block-button__link has-background has-luminous-vivid-orange-background-color\" href=\"https:\/\/www.clickforschools.eu\/wp-content\/uploads\/2020\/03\/Ecrire-les-paroles-d%E2%80%99un-morceau-de-rap-%C3%A0-propos-des-probl%C3%A8mes-li%C3%A9s-%C3%A0-l%E2%80%99eau.pdf\">6. <strong>Ecrire les paroles d&#8217;un morceau de rap \u00e0 propos des probl\u00e8mes li\u00e9s \u00e0 l&#8217;eau <\/strong><\/a><\/div>\n\n\n\n<div class=\"wp-block-button\"><a class=\"wp-block-button__link has-background\" href=\"https:\/\/www.clickforschools.eu\/wp-content\/uploads\/2020\/03\/Cr%C3%A9ation-d%E2%80%99une-campagne-de-communication-par-les-apprenants-pour-les-apprenants-et-le-public.pdf\" style=\"background-color: #cf11a6; text-align: left;\">7.<strong> Cr\u00e9ation d&#8217;une campagne de communication par les apprenants, pour les apprenants et le public  <\/strong><\/a><\/div>\n","protected":false},"excerpt":{"rendered":"","protected":false},"author":1,"featured_media":0,"parent":0,"menu_order":0,"comment_status":"closed","ping_status":"closed","template":"","meta":{"colormag_page_container_layout":"default_layout","colormag_page_sidebar_layout":"default_layout","ngg_post_thumbnail":0,"footnotes":""},"class_list":["post-2104","page","type-page","status-publish","hentry"],"_links":{"self":[{"href":"https:\/\/www.clickforschools.eu\/index.php\/wp-json\/wp\/v2\/pages\/2104","targetHints":{"allow":["GET"]}}],"collection":[{"href":"https:\/\/www.clickforschools.eu\/index.php\/wp-json\/wp\/v2\/pages"}],"about":[{"href":"https:\/\/www.clickforschools.eu\/index.php\/wp-json\/wp\/v2\/types\/page"}],"author":[{"embeddable":true,"href":"https:\/\/www.clickforschools.eu\/index.php\/wp-json\/wp\/v2\/users\/1"}],"replies":[{"embeddable":true,"href":"https:\/\/www.clickforschools.eu\/index.php\/wp-json\/wp\/v2\/comments?post=2104"}],"version-history":[{"count":4,"href":"https:\/\/www.clickforschools.eu\/index.php\/wp-json\/wp\/v2\/pages\/2104\/revisions"}],"predecessor-version":[{"id":2119,"href":"https:\/\/www.clickforschools.eu\/index.php\/wp-json\/wp\/v2\/pages\/2104\/revisions\/2119"}],"wp:attachment":[{"href":"https:\/\/www.clickforschools.eu\/index.php\/wp-json\/wp\/v2\/media?parent=2104"}],"curies":[{"name":"wp","href":"https:\/\/api.w.org\/{rel}","templated":true}]}}