{"id":2102,"date":"2020-06-05T07:18:09","date_gmt":"2020-06-05T07:18:09","guid":{"rendered":"https:\/\/www.clickforschools.eu\/?page_id=2102"},"modified":"2020-06-05T11:01:33","modified_gmt":"2020-06-05T11:01:33","slug":"catastrophe-naturelle","status":"publish","type":"page","link":"https:\/\/www.clickforschools.eu\/index.php\/catastrophe-naturelle\/","title":{"rendered":""},"content":{"rendered":"\n<figure class=\"wp-block-table aligncenter\"><table class=\"\"><tbody><tr><td class=\"has-text-align-center\" data-align=\"center\"><img loading=\"lazy\" decoding=\"async\" width=\"50\" height=\"54\" class=\"wp-image-1245\" style=\"width: 50px;\" src=\"https:\/\/www.clickforschools.eu\/wp-content\/uploads\/2020\/03\/libroOK.png\" alt=\"\"><br>connaissances<\/td><td class=\"has-text-align-center\" data-align=\"center\"><img loading=\"lazy\" decoding=\"async\" width=\"50\" height=\"54\" class=\"wp-image-1241\" style=\"width: 50px;\" src=\"https:\/\/www.clickforschools.eu\/wp-content\/uploads\/2020\/03\/lampadine-1.png\" alt=\"\"><br>  activit\u00e9s  <\/td><td class=\"has-text-align-center\" data-align=\"center\"><img loading=\"lazy\" decoding=\"async\" width=\"50\" height=\"54\" class=\"wp-image-1243\" style=\"width: 50px;\" src=\"https:\/\/www.clickforschools.eu\/wp-content\/uploads\/2020\/03\/mani-1.png\" alt=\"\"><br>  projets  <\/td><\/tr><\/tbody><\/table><\/figure>\n\n\n\n<figure class=\"wp-block-image size-large\"><img loading=\"lazy\" decoding=\"async\" width=\"960\" height=\"720\" src=\"https:\/\/www.clickforschools.eu\/wp-content\/uploads\/2020\/06\/fra_Diapositiva4.jpg\" alt=\"\" class=\"wp-image-2116\" srcset=\"https:\/\/www.clickforschools.eu\/wp-content\/uploads\/2020\/06\/fra_Diapositiva4.jpg 960w, https:\/\/www.clickforschools.eu\/wp-content\/uploads\/2020\/06\/fra_Diapositiva4-300x225.jpg 300w, https:\/\/www.clickforschools.eu\/wp-content\/uploads\/2020\/06\/fra_Diapositiva4-768x576.jpg 768w\" sizes=\"auto, (max-width: 960px) 100vw, 960px\" \/><\/figure>\n\n\n\n<div class=\"wp-block-button\"><a class=\"wp-block-button__link has-background has-vivid-cyan-blue-background-color\" href=\"https:\/\/www.clickforschools.eu\/wp-content\/uploads\/2020\/03\/11-Dessiner-sa-r%C3%A9alit%C3%A9-climatique-L_impact-du-changement-climatique-sur-votre-environnement.pdf\">1. L&#8217;impact du changement climatique sur notre environnement  <\/a><\/div>\n\n\n\n<style type=\"text\/css\">\n.wp-block-button .wp-block-button__link.has-background.has-vivid-red-background-color {\n\ttext-align: left;\n}\n<\/style>\n<div class=\"wp-block-button\"><a class=\"wp-block-button__link has-background has-vivid-red-background-color\" href=\"https:\/\/www.clickforschools.eu\/wp-content\/uploads\/2020\/03\/17-Mon-environnement-change-que-se-passe-t-il.pdf\">2. Recherches autour des cons\u00e9quences du changement climatique sur notre environnement<\/a><\/div>\n\n\n\n<div class=\"wp-block-button\"><a class=\"wp-block-button__link has-background has-vivid-purple-background-color\" href=\"https:\/\/www.clickforschools.eu\/wp-content\/uploads\/2020\/03\/7-Ne-jouez-pas-avec-les-rivi%C3%A8res-Inondations-%C3%A9clairs-et-changement-climatique.pdf\"> 3. Le changement climatique et les crues \u00e9clair <\/a><\/div>\n\n\n\n<div class=\"wp-block-button\"><a class=\"wp-block-button__link has-background has-light-green-cyan-background-color\" href=\"https:\/\/www.clickforschools.eu\/wp-content\/uploads\/2020\/03\/3-Activit%C3%A9-sur-les-riques-d_inondation.pdf\"> 4. Activit\u00e9 sur les risques d&#8217;inondations dans votre r\u00e9gion <\/a><\/div>\n\n\n\n<div class=\"wp-block-button\"><a class=\"wp-block-button__link has-background has-vivid-green-cyan-background-color\" href=\"https:\/\/www.clickforschools.eu\/wp-content\/uploads\/2020\/03\/9-Cr%C3%A9ation-d_une-application-afin-de-se-pr%C3%A9parer-%C3%A0-un-risque-naturel-majeur.pdf\">5. Cr\u00e9ation d&#8217;une application afin de se pr\u00e9parer \u00e0 un risque majeur naturel <\/a><\/div>\n\n\n\n<div class=\"wp-block-button\"><a class=\"wp-block-button__link has-background has-luminous-vivid-amber-background-color\" href=\"https:\/\/www.clickforschools.eu\/wp-content\/uploads\/2020\/03\/Projet-pour-changer-les-habitudes-quant-%C3%A0-la-fa%C3%A7on-de-disposer-des-d%C3%A9chets.pdf\"> 6 . Projet pour changer les habitudes quant \u00e0 la fa\u00e7on de disposer des d\u00e9chets <\/a><\/div>\n","protected":false},"excerpt":{"rendered":"","protected":false},"author":1,"featured_media":0,"parent":0,"menu_order":0,"comment_status":"closed","ping_status":"closed","template":"","meta":{"colormag_page_container_layout":"default_layout","colormag_page_sidebar_layout":"default_layout","ngg_post_thumbnail":0,"footnotes":""},"class_list":["post-2102","page","type-page","status-publish","hentry"],"_links":{"self":[{"href":"https:\/\/www.clickforschools.eu\/index.php\/wp-json\/wp\/v2\/pages\/2102","targetHints":{"allow":["GET"]}}],"collection":[{"href":"https:\/\/www.clickforschools.eu\/index.php\/wp-json\/wp\/v2\/pages"}],"about":[{"href":"https:\/\/www.clickforschools.eu\/index.php\/wp-json\/wp\/v2\/types\/page"}],"author":[{"embeddable":true,"href":"https:\/\/www.clickforschools.eu\/index.php\/wp-json\/wp\/v2\/users\/1"}],"replies":[{"embeddable":true,"href":"https:\/\/www.clickforschools.eu\/index.php\/wp-json\/wp\/v2\/comments?post=2102"}],"version-history":[{"count":2,"href":"https:\/\/www.clickforschools.eu\/index.php\/wp-json\/wp\/v2\/pages\/2102\/revisions"}],"predecessor-version":[{"id":2118,"href":"https:\/\/www.clickforschools.eu\/index.php\/wp-json\/wp\/v2\/pages\/2102\/revisions\/2118"}],"wp:attachment":[{"href":"https:\/\/www.clickforschools.eu\/index.php\/wp-json\/wp\/v2\/media?parent=2102"}],"curies":[{"name":"wp","href":"https:\/\/api.w.org\/{rel}","templated":true}]}}