{"id":2100,"date":"2020-06-05T07:17:47","date_gmt":"2020-06-05T07:17:47","guid":{"rendered":"https:\/\/www.clickforschools.eu\/?page_id=2100"},"modified":"2020-06-05T11:20:17","modified_gmt":"2020-06-05T11:20:17","slug":"energie","status":"publish","type":"page","link":"https:\/\/www.clickforschools.eu\/index.php\/energie\/","title":{"rendered":""},"content":{"rendered":"\n<figure class=\"wp-block-table aligncenter\"><table class=\"\"><tbody><tr><td class=\"has-text-align-center\" data-align=\"center\"><img loading=\"lazy\" decoding=\"async\" width=\"50\" height=\"54\" class=\"wp-image-1245\" style=\"width: 50px;\" src=\"https:\/\/www.clickforschools.eu\/wp-content\/uploads\/2020\/03\/libroOK.png\" alt=\"\"><br>connaissances<\/td><td class=\"has-text-align-center\" data-align=\"center\"><img loading=\"lazy\" decoding=\"async\" width=\"50\" height=\"54\" class=\"wp-image-1241\" style=\"width: 50px;\" src=\"https:\/\/www.clickforschools.eu\/wp-content\/uploads\/2020\/03\/lampadine-1.png\" alt=\"\"><br>  activit\u00e9s  <\/td><td class=\"has-text-align-center\" data-align=\"center\"><img loading=\"lazy\" decoding=\"async\" width=\"50\" height=\"54\" class=\"wp-image-1243\" style=\"width: 50px;\" src=\"https:\/\/www.clickforschools.eu\/wp-content\/uploads\/2020\/03\/mani-1.png\" alt=\"\"><br>  projets  <\/td><\/tr><\/tbody><\/table><\/figure>\n\n\n\n<figure class=\"wp-block-image size-large\"><img loading=\"lazy\" decoding=\"async\" width=\"960\" height=\"720\" src=\"https:\/\/www.clickforschools.eu\/wp-content\/uploads\/2020\/06\/fra_Diapositiva6.jpg\" alt=\"\" class=\"wp-image-2123\" srcset=\"https:\/\/www.clickforschools.eu\/wp-content\/uploads\/2020\/06\/fra_Diapositiva6.jpg 960w, https:\/\/www.clickforschools.eu\/wp-content\/uploads\/2020\/06\/fra_Diapositiva6-300x225.jpg 300w, https:\/\/www.clickforschools.eu\/wp-content\/uploads\/2020\/06\/fra_Diapositiva6-768x576.jpg 768w\" sizes=\"auto, (max-width: 960px) 100vw, 960px\" \/><\/figure>\n\n\n\n<div class=\"wp-block-button\"><a class=\"wp-block-button__link has-background has-vivid-cyan-blue-background-color\" href=\"https:\/\/www.clickforschools.eu\/wp-content\/uploads\/2020\/03\/4-Activit%C3%A9-d_introduction-du-concept-de-changement-climatique.pdf\">1. Activit\u00e9 d&#8217;introduction sur le changement climatique  <\/a><\/div>\n\n\n\n<style type=\"text\/css\">\n.hht {\n\ttext-align: left;\n}\n.wp-block-button .wp-block-button__link.has-background.has-vivid-red-background-color {\n\ttext-align: left;\n}\n<\/style>\n<div class=\"wp-block-button\"><a class=\"wp-block-button__link has-background has-vivid-red-background-color\" href=\"https:\/\/www.clickforschools.eu\/wp-content\/uploads\/2020\/03\/Adaptation-aux-probl%C3%A8mes-li%C3%A9s-au-changement-climatique-cr%C3%A9ation-d%E2%80%99une-maquette-d%E2%80%99%C3%A9co-maison.pdf\">2. Adaptation aux <span class=\"hht\">probl\u00e8mes<\/span> li\u00e9s au changement climatique : cr\u00e9ation d&#8217;une maquette d&#8217;\u00e9co-maison<\/a><\/div>\n\n\n\n<div class=\"wp-block-button\"><a class=\"wp-block-button__link has-background has-vivid-purple-background-color\" href=\"https:\/\/www.clickforschools.eu\/wp-content\/uploads\/2020\/03\/10-Cr%C3%A9ation-d_une-maquette-d_%C3%A9co-maison-adapt%C3%A9e-aux-contraintes-de-la-r%C3%A9gion.pdf\">3. Cr\u00e9ation d&#8217;une maquette d&#8217;\u00e9co-maison adapt\u00e9e aux contraintes de la r\u00e9gion<\/a><\/div>\n\n\n\n<div class=\"wp-block-button\"><a class=\"wp-block-button__link has-background has-light-green-cyan-background-color\" href=\"https:\/\/www.clickforschools.eu\/wp-content\/uploads\/2020\/03\/13-Exp%C3%A9rience-autour-de-la-cr%C3%A9ation-d_%C3%A9lectricit%C3%A9-gr%C3%A2ce-%C3%A0-un-panneau-solaire.pdf \">4. Exp\u00e9rience sur la cr\u00e9ation d\u2019\u00e9lectricit\u00e9 gr\u00e2ce \u00e0 un panneau solaire <\/a><\/div>\n\n\n\n<div class=\"wp-block-button\"><a class=\"wp-block-button__link has-background has-vivid-green-cyan-background-color\" href=\"https:\/\/www.clickforschools.eu\/wp-content\/uploads\/2020\/03\/Projet-pour-changer-les-habitudes-quant-%C3%A0-la-fa%C3%A7on-de-disposer-des-d%C3%A9chets.pdf  \">5. Projet pour changer les habitudes quant \u00e0 la fa\u00e7on de disposer des d\u00e9chets <\/a><\/div>\n","protected":false},"excerpt":{"rendered":"<p>2. Adaptation aux probl\u00e8mes li\u00e9s au changement climatique : cr\u00e9ation d&#8217;une maquette d&#8217;\u00e9co-maison<\/p>\n","protected":false},"author":1,"featured_media":0,"parent":0,"menu_order":0,"comment_status":"closed","ping_status":"closed","template":"","meta":{"colormag_page_container_layout":"default_layout","colormag_page_sidebar_layout":"default_layout","ngg_post_thumbnail":0,"footnotes":""},"class_list":["post-2100","page","type-page","status-publish","hentry"],"_links":{"self":[{"href":"https:\/\/www.clickforschools.eu\/index.php\/wp-json\/wp\/v2\/pages\/2100","targetHints":{"allow":["GET"]}}],"collection":[{"href":"https:\/\/www.clickforschools.eu\/index.php\/wp-json\/wp\/v2\/pages"}],"about":[{"href":"https:\/\/www.clickforschools.eu\/index.php\/wp-json\/wp\/v2\/types\/page"}],"author":[{"embeddable":true,"href":"https:\/\/www.clickforschools.eu\/index.php\/wp-json\/wp\/v2\/users\/1"}],"replies":[{"embeddable":true,"href":"https:\/\/www.clickforschools.eu\/index.php\/wp-json\/wp\/v2\/comments?post=2100"}],"version-history":[{"count":3,"href":"https:\/\/www.clickforschools.eu\/index.php\/wp-json\/wp\/v2\/pages\/2100\/revisions"}],"predecessor-version":[{"id":2126,"href":"https:\/\/www.clickforschools.eu\/index.php\/wp-json\/wp\/v2\/pages\/2100\/revisions\/2126"}],"wp:attachment":[{"href":"https:\/\/www.clickforschools.eu\/index.php\/wp-json\/wp\/v2\/media?parent=2100"}],"curies":[{"name":"wp","href":"https:\/\/api.w.org\/{rel}","templated":true}]}}