{"id":2096,"date":"2020-06-05T07:16:23","date_gmt":"2020-06-05T07:16:23","guid":{"rendered":"https:\/\/www.clickforschools.eu\/?page_id=2096"},"modified":"2020-06-05T11:14:25","modified_gmt":"2020-06-05T11:14:25","slug":"changement-climatique","status":"publish","type":"page","link":"https:\/\/www.clickforschools.eu\/index.php\/changement-climatique\/","title":{"rendered":""},"content":{"rendered":"\n<figure class=\"wp-block-table aligncenter\"><table class=\"\"><tbody><tr><td class=\"has-text-align-center\" data-align=\"center\"><img loading=\"lazy\" decoding=\"async\" width=\"50\" height=\"54\" class=\"wp-image-1245\" style=\"width: 50px;\" src=\"https:\/\/www.clickforschools.eu\/wp-content\/uploads\/2020\/03\/libroOK.png\" alt=\"\"><br>connaissances<\/td><td class=\"has-text-align-center\" data-align=\"center\"><img loading=\"lazy\" decoding=\"async\" width=\"50\" height=\"54\" class=\"wp-image-1241\" style=\"width: 50px;\" src=\"https:\/\/www.clickforschools.eu\/wp-content\/uploads\/2020\/03\/lampadine-1.png\" alt=\"\"><br>  activit\u00e9s  <\/td><td class=\"has-text-align-center\" data-align=\"center\"><img loading=\"lazy\" decoding=\"async\" width=\"50\" height=\"54\" class=\"wp-image-1243\" style=\"width: 50px;\" src=\"https:\/\/www.clickforschools.eu\/wp-content\/uploads\/2020\/03\/mani-1.png\" alt=\"\"><br>  projets  <\/td><\/tr><\/tbody><\/table><\/figure>\n\n\n\n<figure class=\"wp-block-image size-large\"><img loading=\"lazy\" decoding=\"async\" width=\"960\" height=\"720\" src=\"https:\/\/www.clickforschools.eu\/wp-content\/uploads\/2020\/06\/fra_Diapositiva10.jpg\" alt=\"\" class=\"wp-image-2120\" srcset=\"https:\/\/www.clickforschools.eu\/wp-content\/uploads\/2020\/06\/fra_Diapositiva10.jpg 960w, https:\/\/www.clickforschools.eu\/wp-content\/uploads\/2020\/06\/fra_Diapositiva10-300x225.jpg 300w, https:\/\/www.clickforschools.eu\/wp-content\/uploads\/2020\/06\/fra_Diapositiva10-768x576.jpg 768w\" sizes=\"auto, (max-width: 960px) 100vw, 960px\" \/><\/figure>\n\n\n\n<div class=\"wp-block-button\"><a class=\"wp-block-button__link has-background has-vivid-cyan-blue-background-color\" href=\"https:\/\/www.clickforschools.eu\/wp-content\/uploads\/2020\/03\/Changement-climatique-et-crues-%C3%A9clairs.pdf\">1. Le changement climatique, c&#8217;est quoi\u00a0?<\/a><\/div>\n\n\n\n<div class=\"wp-block-button\"><a class=\"wp-block-button__link has-background has-vivid-red-background-color\" href=\"https:\/\/www.clickforschools.eu\/wp-content\/uploads\/2020\/03\/18-Interview-avec-l_auteur-d_un-%C3%A9co-livre.pdf\">2. Interview avec l&#8217;auteur d&#8217;un \u00e9co-livre <\/a><\/div>\n\n\n\n<div class=\"wp-block-button\"><a class=\"wp-block-button__link has-background has-vivid-purple-background-color\" href=\"https:\/\/www.clickforschools.eu\/wp-content\/uploads\/2020\/03\/22-L_impact-du-changement-climatique-sur-la-migration-des-calamars.pdf\">3. L&#8217;impact du changement climatique sur la migration des calamars <\/a><\/div>\n\n\n\n<div class=\"wp-block-button\"><a class=\"wp-block-button__link has-background has-light-green-cyan-background-color\" href=\"https:\/\/www.clickforschools.eu\/wp-content\/uploads\/2020\/03\/6-La-biodiversit%C3%A9-est-en-danger-Quand-la-biodiversit%C3%A9-m%C3%A9dit%C3%A9ran%C3%A9enne-est-menac%C3%A9e-par-le-changement-climatique.pdf\">4. Quand la biodiversit\u00e9 m\u00e9dit\u00e9rran\u00e9enne est menac\u00e9 par le changement climatique <\/a><\/div>\n\n\n\n<div class=\"wp-block-button\"><a class=\"wp-block-button__link has-background has-vivid-green-cyan-background-color\" href=\"https:\/\/www.clickforschools.eu\/wp-content\/uploads\/2020\/03\/11-Dessiner-sa-r%C3%A9alit%C3%A9-climatique-L_impact-du-changement-climatique-sur-votre-environnement.pdf\"> 5. Dessiner sa r\u00e9alit\u00e9 climatique. L&#8217;impact du changement climatique sur l&#8217;environnement <\/a><\/div>\n\n\n\n<style type=\"text\/css\">\n.wp-block-button .wp-block-button__link.has-background.has-luminous-vivid-orange-background-color {\n\ttext-align: left;\n}\n<\/style>\n<div class=\"wp-block-button\"><a class=\"wp-block-button__link has-background has-luminous-vivid-orange-background-color\" href=\"https:\/\/www.clickforschools.eu\/wp-content\/uploads\/2020\/03\/Cr%C3%A9ation-d%E2%80%99une-campagne-de-communication-par-les-apprenants-pour-les-apprenants-et-le-public.pdf\">6. Cr\u00e9ation d&#8217;une campagne de communication par les apprenants, pour les apprenants et le public.   <\/a><\/div>\n","protected":false},"excerpt":{"rendered":"","protected":false},"author":1,"featured_media":0,"parent":0,"menu_order":0,"comment_status":"closed","ping_status":"closed","template":"","meta":{"colormag_page_container_layout":"default_layout","colormag_page_sidebar_layout":"default_layout","ngg_post_thumbnail":0,"footnotes":""},"class_list":["post-2096","page","type-page","status-publish","hentry"],"_links":{"self":[{"href":"https:\/\/www.clickforschools.eu\/index.php\/wp-json\/wp\/v2\/pages\/2096","targetHints":{"allow":["GET"]}}],"collection":[{"href":"https:\/\/www.clickforschools.eu\/index.php\/wp-json\/wp\/v2\/pages"}],"about":[{"href":"https:\/\/www.clickforschools.eu\/index.php\/wp-json\/wp\/v2\/types\/page"}],"author":[{"embeddable":true,"href":"https:\/\/www.clickforschools.eu\/index.php\/wp-json\/wp\/v2\/users\/1"}],"replies":[{"embeddable":true,"href":"https:\/\/www.clickforschools.eu\/index.php\/wp-json\/wp\/v2\/comments?post=2096"}],"version-history":[{"count":2,"href":"https:\/\/www.clickforschools.eu\/index.php\/wp-json\/wp\/v2\/pages\/2096\/revisions"}],"predecessor-version":[{"id":2122,"href":"https:\/\/www.clickforschools.eu\/index.php\/wp-json\/wp\/v2\/pages\/2096\/revisions\/2122"}],"wp:attachment":[{"href":"https:\/\/www.clickforschools.eu\/index.php\/wp-json\/wp\/v2\/media?parent=2096"}],"curies":[{"name":"wp","href":"https:\/\/api.w.org\/{rel}","templated":true}]}}