{"id":2094,"date":"2020-06-05T07:15:44","date_gmt":"2020-06-05T07:15:44","guid":{"rendered":"https:\/\/www.clickforschools.eu\/?page_id=2094"},"modified":"2020-06-05T11:37:17","modified_gmt":"2020-06-05T11:37:17","slug":"biodiversite","status":"publish","type":"page","link":"https:\/\/www.clickforschools.eu\/index.php\/biodiversite\/","title":{"rendered":""},"content":{"rendered":"\n<figure class=\"wp-block-table aligncenter\"><table class=\"\"><tbody><tr><td class=\"has-text-align-center\" data-align=\"center\"><img loading=\"lazy\" decoding=\"async\" width=\"50\" height=\"54\" class=\"wp-image-1245\" style=\"width: 50px;\" src=\"https:\/\/www.clickforschools.eu\/wp-content\/uploads\/2020\/03\/libroOK.png\" alt=\"\"><br>connaissances<\/td><td class=\"has-text-align-center\" data-align=\"center\"><img loading=\"lazy\" decoding=\"async\" width=\"50\" height=\"54\" class=\"wp-image-1241\" style=\"width: 50px;\" src=\"https:\/\/www.clickforschools.eu\/wp-content\/uploads\/2020\/03\/lampadine-1.png\" alt=\"\"><br>  activit\u00e9s  <\/td><td class=\"has-text-align-center\" data-align=\"center\"><img loading=\"lazy\" decoding=\"async\" width=\"50\" height=\"54\" class=\"wp-image-1243\" style=\"width: 50px;\" src=\"https:\/\/www.clickforschools.eu\/wp-content\/uploads\/2020\/03\/mani-1.png\" alt=\"\"><br>  projets  <\/td><\/tr><\/tbody><\/table><\/figure>\n\n\n\n<figure class=\"wp-block-image size-large\"><img loading=\"lazy\" decoding=\"async\" width=\"960\" height=\"720\" src=\"https:\/\/www.clickforschools.eu\/wp-content\/uploads\/2020\/06\/fra_Diapositiva12.jpg\" alt=\"\" class=\"wp-image-2130\" srcset=\"https:\/\/www.clickforschools.eu\/wp-content\/uploads\/2020\/06\/fra_Diapositiva12.jpg 960w, https:\/\/www.clickforschools.eu\/wp-content\/uploads\/2020\/06\/fra_Diapositiva12-300x225.jpg 300w, https:\/\/www.clickforschools.eu\/wp-content\/uploads\/2020\/06\/fra_Diapositiva12-768x576.jpg 768w\" sizes=\"auto, (max-width: 960px) 100vw, 960px\" \/><\/figure>\n\n\n\n<div class=\"wp-block-button\"><a class=\"wp-block-button__link has-background has-vivid-cyan-blue-background-color\" href=\"https:\/\/www.clickforschools.eu\/wp-content\/uploads\/2020\/03\/6-La-biodiversit%C3%A9-est-en-danger-Quand-la-biodiversit%C3%A9-m%C3%A9dit%C3%A9ran%C3%A9enne-est-menac%C3%A9e-par-le-changement-climatique.pdf\">1. Quand la biodiversit\u00e9 m\u00e9diterran\u00e9enne est menac\u00e9e par le changement climatique  <\/a><\/div>\n\n\n\n<div class=\"wp-block-button\"><a class=\"wp-block-button__link has-background has-vivid-red-background-color\" href=\"https:\/\/www.clickforschools.eu\/wp-content\/uploads\/2020\/03\/16-Exp%C3%A9rience-autour-des-impacts-de-l%E2%80%99acidification-de-la-mer-sur-la-vie-marine.pdf\">2. Exp\u00e9rience autour de l&#8217;acidification de la vie marine <\/a><\/div>\n\n\n\n<div class=\"wp-block-button\"><a class=\"wp-block-button__link has-background has-vivid-purple-background-color\" href=\"https:\/\/www.clickforschools.eu\/wp-content\/uploads\/2020\/03\/22-L_impact-du-changement-climatique-sur-la-migration-des-calamars.pdf\">3. L&#8217;impact du changement climatique sur la migration des calamars <\/a><\/div>\n\n\n\n<div class=\"wp-block-button\"><a class=\"wp-block-button__link has-background has-light-green-cyan-background-color\" href=\"https:\/\/www.clickforschools.eu\/wp-content\/uploads\/2020\/03\/21-L_impact-du-changement-climatique-sur-l_extinction-des-abeilles.pdf\">4. L&#8217;impact du changement climatique sur l&#8217;extinction des abeilles <\/a><\/div>\n\n\n\n<div class=\"wp-block-button\"><a class=\"wp-block-button__link has-background has-vivid-green-cyan-background-color\" href=\"https:\/\/www.clickforschools.eu\/wp-content\/uploads\/2020\/03\/Aider-les-abeilles-%C3%A0-survivre-au-changement-climatique.pdf\">5. Aider les abeilles \u00e0 survivre au changement climatique <\/a><\/div>\n","protected":false},"excerpt":{"rendered":"","protected":false},"author":1,"featured_media":0,"parent":0,"menu_order":0,"comment_status":"closed","ping_status":"closed","template":"","meta":{"colormag_page_container_layout":"default_layout","colormag_page_sidebar_layout":"default_layout","ngg_post_thumbnail":0,"footnotes":""},"class_list":["post-2094","page","type-page","status-publish","hentry"],"_links":{"self":[{"href":"https:\/\/www.clickforschools.eu\/index.php\/wp-json\/wp\/v2\/pages\/2094","targetHints":{"allow":["GET"]}}],"collection":[{"href":"https:\/\/www.clickforschools.eu\/index.php\/wp-json\/wp\/v2\/pages"}],"about":[{"href":"https:\/\/www.clickforschools.eu\/index.php\/wp-json\/wp\/v2\/types\/page"}],"author":[{"embeddable":true,"href":"https:\/\/www.clickforschools.eu\/index.php\/wp-json\/wp\/v2\/users\/1"}],"replies":[{"embeddable":true,"href":"https:\/\/www.clickforschools.eu\/index.php\/wp-json\/wp\/v2\/comments?post=2094"}],"version-history":[{"count":2,"href":"https:\/\/www.clickforschools.eu\/index.php\/wp-json\/wp\/v2\/pages\/2094\/revisions"}],"predecessor-version":[{"id":2132,"href":"https:\/\/www.clickforschools.eu\/index.php\/wp-json\/wp\/v2\/pages\/2094\/revisions\/2132"}],"wp:attachment":[{"href":"https:\/\/www.clickforschools.eu\/index.php\/wp-json\/wp\/v2\/media?parent=2094"}],"curies":[{"name":"wp","href":"https:\/\/api.w.org\/{rel}","templated":true}]}}